{"id":4397,"date":"2013-11-18T05:56:12","date_gmt":"2013-11-18T05:56:12","guid":{"rendered":"http:\/\/ossaw.at\/?page_id=4397"},"modified":"2020-10-01T12:33:32","modified_gmt":"2020-10-01T10:33:32","slug":"%d0%b5%d0%ba%d0%be%d0%bd%d0%be%d0%bc%d1%81%d0%ba%d0%b8-%d1%83%d0%bd%d0%b8%d0%b2%d0%b5%d1%80%d0%b7%d0%b8%d1%82%d0%b5%d1%82-%d1%83-%d0%b1%d0%b5%d1%87%d1%83","status":"publish","type":"page","link":"https:\/\/www.ossaw.at\/de\/%d0%b5%d0%ba%d0%be%d0%bd%d0%be%d0%bc%d1%81%d0%ba%d0%b8-%d1%83%d0%bd%d0%b8%d0%b2%d0%b5%d1%80%d0%b7%d0%b8%d1%82%d0%b5%d1%82-%d1%83-%d0%b1%d0%b5%d1%87%d1%83\/","title":{"rendered":"WU-Wien"},"content":{"rendered":"<p>[vc_row][vc_column width=&#8221;1\/1&#8243;][vc_column_text]<\/p>\n<font class=\"fp_sc_div fp_wf_Lato\" style=\" color: #000000 !important;\"><\/p>\n<h2 align=\"CENTER\"><span style=\"font-family: 'Times New Roman', serif;\"><span style=\"font-size: medium;\"><b>Univerzitet za ekonomiju <\/b><\/span><\/span><\/h2>\n<h2 align=\"CENTER\"><span style=\"font-family: 'Times New Roman', serif;\"><span style=\"font-size: medium;\"><b>(<\/b><\/span><\/span><span style=\"font-family: 'Times New Roman', serif;\"><span style=\"font-size: medium;\"><i><b>Wirtschaftsuniversit\u00e4t Wien &#8211; WU<\/b><\/i><\/span><\/span><span style=\"font-family: 'Times New Roman', serif;\"><span style=\"font-size: medium;\"><b>)<\/b><\/span><\/span><\/h2>\n<h2 align=\"CENTER\"><\/h2>\n<h2 align=\"CENTER\"><span style=\"font-family: 'Times New Roman', serif;\"><span style=\"font-size: medium;\"><b><img decoding=\"async\" class=\"size-full wp-image-6038 alignleft\" alt=\"Logo_Wirtschaftsuniversit\u00e4t_Wien.svg\" src=\"http:\/\/ossaw.at\/wp-content\/uploads\/2013\/11\/Logo_Wirtschaftsuniversit\u00e4t_Wien.svg_.png\" width=\"251\" height=\"130\" \/> <\/b><\/span><\/span><\/h2>\n<p><span style=\"font-family: inherit; font-size: inherit; font-weight: inherit; line-height: 1.6;\">Ekonomski univerzitet u Be\u010du osnovan je davne 1898. godine pod imenom\u00a0<\/span><i style=\"font-family: inherit; font-size: inherit; font-weight: inherit; line-height: 1.6;\">Exportakademie<\/i><span style=\"font-family: inherit; font-size: inherit; font-weight: inherit; line-height: 1.6;\">. U periodu izme\u0111u 1919. i 1975. godine, sada\u0161nji\u00a0<\/span><i style=\"font-family: inherit; font-size: inherit; font-weight: inherit; line-height: 1.6;\">WU<\/i><span style=\"font-family: inherit; font-size: inherit; font-weight: inherit; line-height: 1.6;\">\u00a0nosio je naziv\u00a0<\/span><i style=\"font-family: inherit; font-size: inherit; font-weight: inherit; line-height: 1.6;\">Hochschule f\u00fcr Welthandel<\/i><span style=\"font-family: inherit; font-size: inherit; font-weight: inherit; line-height: 1.6;\">, \u0161to u prevodu zna\u010di Visoka \u0161kola za me\u0111unarodnu trgovinu. U se\u0107anje na prethodno ime, novi\u00a0<\/span><i style=\"font-family: inherit; font-size: inherit; font-weight: inherit; line-height: 1.6;\">WU Campus<\/i><span style=\"font-family: inherit; font-size: inherit; font-weight: inherit; line-height: 1.6;\">, koji je delo \u010dak \u0161est svetski poznatih arhitektonskih biroa, od 4. oktobra 2013. godine nalazi se na adresi Welthandelsplatz 1.<\/span><\/p>\n<p><span style=\"font-family: inherit; font-size: inherit; font-weight: inherit; line-height: 1.6;\">\u00a0<\/span><i style=\"font-family: inherit; font-size: inherit; font-weight: inherit; line-height: 1.6;\">WU Wien<\/i><span style=\"font-family: inherit; font-size: inherit; font-weight: inherit; line-height: 1.6;\"> pru\u017ea mogu\u0107nost izbora izme\u0111u 2 be\u010delor studijska programa (Fakultet poslovnog prava i Fakultet ekonomskih i dru\u0161tvenih nauka), 15 master studijskih programa \u2013 od kojih su 6 na engleskom jeziku \u2013 i 5 PhD programa.<\/span><\/p>\n<p>&nbsp;<\/p>\n<p><span style=\"font-family: inherit; font-size: inherit; font-weight: inherit; line-height: 1.6;\">U okviru Fakulteta ekonomskih i dru\u0161tvenih nauka (<\/span><i style=\"font-family: inherit; font-size: inherit; font-weight: inherit; line-height: 1.6;\">Wirtschafts- und Sozialwissenschaften<\/i><span style=\"font-family: inherit; font-size: inherit; font-weight: inherit; line-height: 1.6;\">) postoje \u010detiri be\u010delor programa, od kojih se maksimalno dva mogu zavr\u0161iti paralelno:<\/span><span style=\"font-family: inherit; font-size: inherit; font-weight: inherit; line-height: 1.6;\">\u00a0<\/span><\/p>\n<ul>\n<li>Politi\u010dka ekonomija (<i>Volkswirtschaft<\/i>);<\/li>\n<li>Me\u0111unarodna poslovna ekonomija (<i>Internationale Betriebswirtschaft<\/i>);<\/li>\n<li>Poslovna ekonomija (<i>Betriebswirtschaft<\/i>);<\/li>\n<li>Poslovna informatika (<i>Wirtschaftsinformatik<\/i>).<\/li>\n<\/ul>\n<p>&nbsp;<\/p>\n<p>Nakon odabira smera dalje sledi izbor dve \u201especijalizacije\u201d, tako da\u00a0<i>WU<\/i>\u00a0delimi\u010dno pru\u017ea mogu\u0107nost polaganja predmeta po sopstvenom izboru.<\/p>\n<p><span style=\"font-family: inherit; font-size: inherit; font-weight: inherit; line-height: 1.6;\">Iznos \u0161kolarine za dr\u017eavljane Republike Srbije iznosi 740 evra, dok su dr\u017eavljani Evropske unije oslobo\u0111eni pla\u0107anja. Da bi se steklo pravo na odabir smera, studenti prvog semestra su u obavezi da polo\u017ee ispite tzv. Uvodne faze (<\/span><i style=\"font-family: inherit; font-size: inherit; font-weight: inherit; line-height: 1.6;\">Studieneingangs- und Orientierungsphase<\/i><span style=\"font-family: inherit; font-size: inherit; font-weight: inherit; line-height: 1.6;\">).<\/span><\/p>\n<p><span style=\"font-family: inherit; font-size: inherit; font-weight: inherit; line-height: 1.6;\">Fakultet za poslovno pravo (<\/span><i style=\"font-family: inherit; font-size: inherit; font-weight: inherit; line-height: 1.6;\">Wirtschaftsrecht<\/i><span style=\"font-family: inherit; font-size: inherit; font-weight: inherit; line-height: 1.6;\">) predstavlja sponu izme\u0111u ekonomskih i pravnih nauka, tako da, pored zajedni\u010dkog prvog dela studija (<\/span><i style=\"font-family: inherit; font-size: inherit; font-weight: inherit; line-height: 1.6;\">StEOP<\/i><span style=\"font-family: inherit; font-size: inherit; font-weight: inherit; line-height: 1.6;\">) s Fakultetom ekonomskih i dru\u0161tvenih nauka, studenti u drugom delu studija prevashodno pola\u017eu pravne predmete s poslovnim osvrtom, ali isto tako moraju izabrati jednu specijalizaciju iz poslovne ekonomije (<\/span><i style=\"font-family: inherit; font-size: inherit; font-weight: inherit; line-height: 1.6;\">Betriebswirtschaft<\/i><span style=\"font-family: inherit; font-size: inherit; font-weight: inherit; line-height: 1.6;\">).<\/span><\/p>\n<p><span style=\"font-family: inherit; font-size: inherit; font-weight: inherit; line-height: 1.6;\">Vi\u0161e informacija o studijskim programima na Ekonomskom univerzitetu mo\u017eete prona\u0107i na: <\/span><a style=\"font-family: inherit; font-size: inherit; font-weight: inherit; line-height: 1.6;\" href=\"http:\/\/www.wu.ac.at\/programs\">www.wu.ac.at\/programs<\/a><span style=\"font-family: inherit; font-size: inherit; font-weight: inherit; line-height: 1.6;\">.<\/span><span style=\"font-family: inherit; font-size: inherit; font-weight: inherit; line-height: 1.6;\">\u00a0<\/span><\/p>\n<p>&nbsp;<\/p>\n<p align=\"right\">Budu\u0107im studentima Ekonomskog univerziteta u Be\u010du, puno sre\u0107e!<\/p>\n<p align=\"right\">Va\u0161 OSSI Be\u010d<\/p>\n<p align=\"JUSTIFY\"><span style=\"font-family: 'Times New Roman', serif;\"><span style=\"font-size: medium;\">\u00a0<\/span><\/span><\/p>\n<p style=\"text-align: left;\" align=\"RIGHT\">[wpdm_file id=12]<\/p>\n<p align=\"RIGHT\"><\/font>\n<p>[\/vc_column_text][\/vc_column][\/vc_row]<\/p>","protected":false},"excerpt":{"rendered":"<p>[vc_row][vc_column width=&#8221;1\/1&#8243;][vc_column_text] [\/vc_column_text][\/vc_column][\/vc_row]<\/p>\n","protected":false},"author":25,"featured_media":0,"parent":0,"menu_order":0,"comment_status":"closed","ping_status":"closed","template":"","meta":{"footnotes":""},"yoast_head":"<!-- This site is optimized with the Yoast SEO plugin v23.5 - https:\/\/yoast.com\/wordpress\/plugins\/seo\/ -->\n<title>WUWU-Wien - \u041eSSAW<\/title>\n<meta name=\"robots\" content=\"index, follow, max-snippet:-1, max-image-preview:large, max-video-preview:-1\" \/>\n<link rel=\"canonical\" href=\"https:\/\/www.ossaw.at\/\u0435\u043a\u043e\u043d\u043e\u043c\u0441\u043a\u0438-\u0443\u043d\u0438\u0432\u0435\u0440\u0437\u0438\u0442\u0435\u0442-\u0443-\u0431\u0435\u0447\u0443\/\" \/>\n<meta property=\"og:locale\" content=\"de_DE\" \/>\n<meta property=\"og:type\" content=\"article\" \/>\n<meta property=\"og:title\" content=\"WUWU-Wien - \u041eSSAW\" \/>\n<meta property=\"og:description\" content=\"[vc_row][vc_column width=&#8221;1\/1&#8243;][vc_column_text] [\/vc_column_text][\/vc_column][\/vc_row]\" \/>\n<meta property=\"og:url\" content=\"https:\/\/www.ossaw.at\/\u0435\u043a\u043e\u043d\u043e\u043c\u0441\u043a\u0438-\u0443\u043d\u0438\u0432\u0435\u0440\u0437\u0438\u0442\u0435\u0442-\u0443-\u0431\u0435\u0447\u0443\/\" \/>\n<meta property=\"og:site_name\" content=\"\u041eSSAW\" \/>\n<meta property=\"article:publisher\" content=\"https:\/\/www.facebook.com\/ossaw\" \/>\n<meta property=\"article:modified_time\" content=\"2020-10-01T10:33:32+00:00\" \/>\n<meta property=\"og:image\" content=\"https:\/\/www.ossaw.at\/wp-content\/uploads\/2013\/11\/wu-campus-41166-19to1-1024x539.jpeg\" \/>\n<meta name=\"twitter:card\" content=\"summary_large_image\" \/>\n<meta name=\"twitter:label1\" content=\"Gesch\u00e4tzte Lesezeit\" \/>\n\t<meta name=\"twitter:data1\" content=\"2\u00a0Minuten\" \/>\n<script type=\"application\/ld+json\" class=\"yoast-schema-graph\">{\"@context\":\"https:\/\/schema.org\",\"@graph\":[{\"@type\":\"WebPage\",\"@id\":\"https:\/\/www.ossaw.at\/%d0%b5%d0%ba%d0%be%d0%bd%d0%be%d0%bc%d1%81%d0%ba%d0%b8-%d1%83%d0%bd%d0%b8%d0%b2%d0%b5%d1%80%d0%b7%d0%b8%d1%82%d0%b5%d1%82-%d1%83-%d0%b1%d0%b5%d1%87%d1%83\/\",\"url\":\"https:\/\/www.ossaw.at\/%d0%b5%d0%ba%d0%be%d0%bd%d0%be%d0%bc%d1%81%d0%ba%d0%b8-%d1%83%d0%bd%d0%b8%d0%b2%d0%b5%d1%80%d0%b7%d0%b8%d1%82%d0%b5%d1%82-%d1%83-%d0%b1%d0%b5%d1%87%d1%83\/\",\"name\":\"WUWU-Wien - \u041eSSAW\",\"isPartOf\":{\"@id\":\"https:\/\/www.ossaw.at\/#website\"},\"primaryImageOfPage\":{\"@id\":\"https:\/\/www.ossaw.at\/%d0%b5%d0%ba%d0%be%d0%bd%d0%be%d0%bc%d1%81%d0%ba%d0%b8-%d1%83%d0%bd%d0%b8%d0%b2%d0%b5%d1%80%d0%b7%d0%b8%d1%82%d0%b5%d1%82-%d1%83-%d0%b1%d0%b5%d1%87%d1%83\/#primaryimage\"},\"image\":{\"@id\":\"https:\/\/www.ossaw.at\/%d0%b5%d0%ba%d0%be%d0%bd%d0%be%d0%bc%d1%81%d0%ba%d0%b8-%d1%83%d0%bd%d0%b8%d0%b2%d0%b5%d1%80%d0%b7%d0%b8%d1%82%d0%b5%d1%82-%d1%83-%d0%b1%d0%b5%d1%87%d1%83\/#primaryimage\"},\"thumbnailUrl\":\"https:\/\/www.ossaw.at\/wp-content\/uploads\/2013\/11\/wu-campus-41166-19to1-1024x539.jpeg\",\"datePublished\":\"2013-11-18T05:56:12+00:00\",\"dateModified\":\"2020-10-01T10:33:32+00:00\",\"breadcrumb\":{\"@id\":\"https:\/\/www.ossaw.at\/%d0%b5%d0%ba%d0%be%d0%bd%d0%be%d0%bc%d1%81%d0%ba%d0%b8-%d1%83%d0%bd%d0%b8%d0%b2%d0%b5%d1%80%d0%b7%d0%b8%d1%82%d0%b5%d1%82-%d1%83-%d0%b1%d0%b5%d1%87%d1%83\/#breadcrumb\"},\"inLanguage\":\"de\",\"potentialAction\":[{\"@type\":\"ReadAction\",\"target\":[\"https:\/\/www.ossaw.at\/%d0%b5%d0%ba%d0%be%d0%bd%d0%be%d0%bc%d1%81%d0%ba%d0%b8-%d1%83%d0%bd%d0%b8%d0%b2%d0%b5%d1%80%d0%b7%d0%b8%d1%82%d0%b5%d1%82-%d1%83-%d0%b1%d0%b5%d1%87%d1%83\/\"]}]},{\"@type\":\"ImageObject\",\"inLanguage\":\"de\",\"@id\":\"https:\/\/www.ossaw.at\/%d0%b5%d0%ba%d0%be%d0%bd%d0%be%d0%bc%d1%81%d0%ba%d0%b8-%d1%83%d0%bd%d0%b8%d0%b2%d0%b5%d1%80%d0%b7%d0%b8%d1%82%d0%b5%d1%82-%d1%83-%d0%b1%d0%b5%d1%87%d1%83\/#primaryimage\",\"url\":\"https:\/\/www.ossaw.at\/wp-content\/uploads\/2013\/11\/wu-campus-41166-19to1-1024x539.jpeg\",\"contentUrl\":\"https:\/\/www.ossaw.at\/wp-content\/uploads\/2013\/11\/wu-campus-41166-19to1-1024x539.jpeg\"},{\"@type\":\"BreadcrumbList\",\"@id\":\"https:\/\/www.ossaw.at\/%d0%b5%d0%ba%d0%be%d0%bd%d0%be%d0%bc%d1%81%d0%ba%d0%b8-%d1%83%d0%bd%d0%b8%d0%b2%d0%b5%d1%80%d0%b7%d0%b8%d1%82%d0%b5%d1%82-%d1%83-%d0%b1%d0%b5%d1%87%d1%83\/#breadcrumb\",\"itemListElement\":[{\"@type\":\"ListItem\",\"position\":1,\"name\":\"\u041f\u043e\u0447\u0435\u0442\u043d\u0430\",\"item\":\"https:\/\/www.ossaw.at\/\"},{\"@type\":\"ListItem\",\"position\":2,\"name\":\"\u0415\u043a\u043e\u043d\u043e\u043c\u0441\u043a\u0438 \u0443\u043d\u0438\u0432\u0435\u0440\u0437\u0438\u0442\u0435\u0442 \u0443 \u0411\u0435\u0447\u0443 (WU Wien)\"}]},{\"@type\":\"WebSite\",\"@id\":\"https:\/\/www.ossaw.at\/#website\",\"url\":\"https:\/\/www.ossaw.at\/\",\"name\":\"\u041eSSAW\",\"description\":\"Organisation Serbischer Studenten im Ausland - Wien\",\"publisher\":{\"@id\":\"https:\/\/www.ossaw.at\/#organization\"},\"potentialAction\":[{\"@type\":\"SearchAction\",\"target\":{\"@type\":\"EntryPoint\",\"urlTemplate\":\"https:\/\/www.ossaw.at\/?s={search_term_string}\"},\"query-input\":{\"@type\":\"PropertyValueSpecification\",\"valueRequired\":true,\"valueName\":\"search_term_string\"}}],\"inLanguage\":\"de\"},{\"@type\":\"Organization\",\"@id\":\"https:\/\/www.ossaw.at\/#organization\",\"name\":\"\u041e\u0441\u0441\u0438 - \u0411\u0435\u0447\",\"url\":\"https:\/\/www.ossaw.at\/\",\"logo\":{\"@type\":\"ImageObject\",\"inLanguage\":\"de\",\"@id\":\"https:\/\/www.ossaw.at\/#\/schema\/logo\/image\/\",\"url\":\"https:\/\/www.ossaw.at\/wp-content\/uploads\/2016\/07\/OSSAW-logo-cirilica-page-001-2.jpg\",\"contentUrl\":\"https:\/\/www.ossaw.at\/wp-content\/uploads\/2016\/07\/OSSAW-logo-cirilica-page-001-2.jpg\",\"width\":1448,\"height\":1024,\"caption\":\"\u041e\u0441\u0441\u0438 - \u0411\u0435\u0447\"},\"image\":{\"@id\":\"https:\/\/www.ossaw.at\/#\/schema\/logo\/image\/\"},\"sameAs\":[\"https:\/\/www.facebook.com\/ossaw\",\"https:\/\/www.instagram.com\/ossa_wien\/\",\"https:\/\/www.linkedin.com\/company\/organisation-of-serbian-students-abroad---vienna\"]}]}<\/script>\n<!-- \/ Yoast SEO plugin. -->","yoast_head_json":{"title":"WUWU-Wien - \u041eSSAW","robots":{"index":"index","follow":"follow","max-snippet":"max-snippet:-1","max-image-preview":"max-image-preview:large","max-video-preview":"max-video-preview:-1"},"canonical":"https:\/\/www.ossaw.at\/\u0435\u043a\u043e\u043d\u043e\u043c\u0441\u043a\u0438-\u0443\u043d\u0438\u0432\u0435\u0440\u0437\u0438\u0442\u0435\u0442-\u0443-\u0431\u0435\u0447\u0443\/","og_locale":"de_DE","og_type":"article","og_title":"WUWU-Wien - \u041eSSAW","og_description":"[vc_row][vc_column width=&#8221;1\/1&#8243;][vc_column_text] [\/vc_column_text][\/vc_column][\/vc_row]","og_url":"https:\/\/www.ossaw.at\/\u0435\u043a\u043e\u043d\u043e\u043c\u0441\u043a\u0438-\u0443\u043d\u0438\u0432\u0435\u0440\u0437\u0438\u0442\u0435\u0442-\u0443-\u0431\u0435\u0447\u0443\/","og_site_name":"\u041eSSAW","article_publisher":"https:\/\/www.facebook.com\/ossaw","article_modified_time":"2020-10-01T10:33:32+00:00","og_image":[{"url":"https:\/\/www.ossaw.at\/wp-content\/uploads\/2013\/11\/wu-campus-41166-19to1-1024x539.jpeg"}],"twitter_card":"summary_large_image","twitter_misc":{"Gesch\u00e4tzte Lesezeit":"2\u00a0Minuten"},"schema":{"@context":"https:\/\/schema.org","@graph":[{"@type":"WebPage","@id":"https:\/\/www.ossaw.at\/%d0%b5%d0%ba%d0%be%d0%bd%d0%be%d0%bc%d1%81%d0%ba%d0%b8-%d1%83%d0%bd%d0%b8%d0%b2%d0%b5%d1%80%d0%b7%d0%b8%d1%82%d0%b5%d1%82-%d1%83-%d0%b1%d0%b5%d1%87%d1%83\/","url":"https:\/\/www.ossaw.at\/%d0%b5%d0%ba%d0%be%d0%bd%d0%be%d0%bc%d1%81%d0%ba%d0%b8-%d1%83%d0%bd%d0%b8%d0%b2%d0%b5%d1%80%d0%b7%d0%b8%d1%82%d0%b5%d1%82-%d1%83-%d0%b1%d0%b5%d1%87%d1%83\/","name":"WUWU-Wien - \u041eSSAW","isPartOf":{"@id":"https:\/\/www.ossaw.at\/#website"},"primaryImageOfPage":{"@id":"https:\/\/www.ossaw.at\/%d0%b5%d0%ba%d0%be%d0%bd%d0%be%d0%bc%d1%81%d0%ba%d0%b8-%d1%83%d0%bd%d0%b8%d0%b2%d0%b5%d1%80%d0%b7%d0%b8%d1%82%d0%b5%d1%82-%d1%83-%d0%b1%d0%b5%d1%87%d1%83\/#primaryimage"},"image":{"@id":"https:\/\/www.ossaw.at\/%d0%b5%d0%ba%d0%be%d0%bd%d0%be%d0%bc%d1%81%d0%ba%d0%b8-%d1%83%d0%bd%d0%b8%d0%b2%d0%b5%d1%80%d0%b7%d0%b8%d1%82%d0%b5%d1%82-%d1%83-%d0%b1%d0%b5%d1%87%d1%83\/#primaryimage"},"thumbnailUrl":"https:\/\/www.ossaw.at\/wp-content\/uploads\/2013\/11\/wu-campus-41166-19to1-1024x539.jpeg","datePublished":"2013-11-18T05:56:12+00:00","dateModified":"2020-10-01T10:33:32+00:00","breadcrumb":{"@id":"https:\/\/www.ossaw.at\/%d0%b5%d0%ba%d0%be%d0%bd%d0%be%d0%bc%d1%81%d0%ba%d0%b8-%d1%83%d0%bd%d0%b8%d0%b2%d0%b5%d1%80%d0%b7%d0%b8%d1%82%d0%b5%d1%82-%d1%83-%d0%b1%d0%b5%d1%87%d1%83\/#breadcrumb"},"inLanguage":"de","potentialAction":[{"@type":"ReadAction","target":["https:\/\/www.ossaw.at\/%d0%b5%d0%ba%d0%be%d0%bd%d0%be%d0%bc%d1%81%d0%ba%d0%b8-%d1%83%d0%bd%d0%b8%d0%b2%d0%b5%d1%80%d0%b7%d0%b8%d1%82%d0%b5%d1%82-%d1%83-%d0%b1%d0%b5%d1%87%d1%83\/"]}]},{"@type":"ImageObject","inLanguage":"de","@id":"https:\/\/www.ossaw.at\/%d0%b5%d0%ba%d0%be%d0%bd%d0%be%d0%bc%d1%81%d0%ba%d0%b8-%d1%83%d0%bd%d0%b8%d0%b2%d0%b5%d1%80%d0%b7%d0%b8%d1%82%d0%b5%d1%82-%d1%83-%d0%b1%d0%b5%d1%87%d1%83\/#primaryimage","url":"https:\/\/www.ossaw.at\/wp-content\/uploads\/2013\/11\/wu-campus-41166-19to1-1024x539.jpeg","contentUrl":"https:\/\/www.ossaw.at\/wp-content\/uploads\/2013\/11\/wu-campus-41166-19to1-1024x539.jpeg"},{"@type":"BreadcrumbList","@id":"https:\/\/www.ossaw.at\/%d0%b5%d0%ba%d0%be%d0%bd%d0%be%d0%bc%d1%81%d0%ba%d0%b8-%d1%83%d0%bd%d0%b8%d0%b2%d0%b5%d1%80%d0%b7%d0%b8%d1%82%d0%b5%d1%82-%d1%83-%d0%b1%d0%b5%d1%87%d1%83\/#breadcrumb","itemListElement":[{"@type":"ListItem","position":1,"name":"\u041f\u043e\u0447\u0435\u0442\u043d\u0430","item":"https:\/\/www.ossaw.at\/"},{"@type":"ListItem","position":2,"name":"\u0415\u043a\u043e\u043d\u043e\u043c\u0441\u043a\u0438 \u0443\u043d\u0438\u0432\u0435\u0440\u0437\u0438\u0442\u0435\u0442 \u0443 \u0411\u0435\u0447\u0443 (WU Wien)"}]},{"@type":"WebSite","@id":"https:\/\/www.ossaw.at\/#website","url":"https:\/\/www.ossaw.at\/","name":"\u041eSSAW","description":"Organisation Serbischer Studenten im Ausland - Wien","publisher":{"@id":"https:\/\/www.ossaw.at\/#organization"},"potentialAction":[{"@type":"SearchAction","target":{"@type":"EntryPoint","urlTemplate":"https:\/\/www.ossaw.at\/?s={search_term_string}"},"query-input":{"@type":"PropertyValueSpecification","valueRequired":true,"valueName":"search_term_string"}}],"inLanguage":"de"},{"@type":"Organization","@id":"https:\/\/www.ossaw.at\/#organization","name":"\u041e\u0441\u0441\u0438 - \u0411\u0435\u0447","url":"https:\/\/www.ossaw.at\/","logo":{"@type":"ImageObject","inLanguage":"de","@id":"https:\/\/www.ossaw.at\/#\/schema\/logo\/image\/","url":"https:\/\/www.ossaw.at\/wp-content\/uploads\/2016\/07\/OSSAW-logo-cirilica-page-001-2.jpg","contentUrl":"https:\/\/www.ossaw.at\/wp-content\/uploads\/2016\/07\/OSSAW-logo-cirilica-page-001-2.jpg","width":1448,"height":1024,"caption":"\u041e\u0441\u0441\u0438 - \u0411\u0435\u0447"},"image":{"@id":"https:\/\/www.ossaw.at\/#\/schema\/logo\/image\/"},"sameAs":["https:\/\/www.facebook.com\/ossaw","https:\/\/www.instagram.com\/ossa_wien\/","https:\/\/www.linkedin.com\/company\/organisation-of-serbian-students-abroad---vienna"]}]}},"_links":{"self":[{"href":"https:\/\/www.ossaw.at\/de\/wp-json\/wp\/v2\/pages\/4397"}],"collection":[{"href":"https:\/\/www.ossaw.at\/de\/wp-json\/wp\/v2\/pages"}],"about":[{"href":"https:\/\/www.ossaw.at\/de\/wp-json\/wp\/v2\/types\/page"}],"author":[{"embeddable":true,"href":"https:\/\/www.ossaw.at\/de\/wp-json\/wp\/v2\/users\/25"}],"replies":[{"embeddable":true,"href":"https:\/\/www.ossaw.at\/de\/wp-json\/wp\/v2\/comments?post=4397"}],"version-history":[{"count":0,"href":"https:\/\/www.ossaw.at\/de\/wp-json\/wp\/v2\/pages\/4397\/revisions"}],"wp:attachment":[{"href":"https:\/\/www.ossaw.at\/de\/wp-json\/wp\/v2\/media?parent=4397"}],"curies":[{"name":"wp","href":"https:\/\/api.w.org\/{rel}","templated":true}]}}