{"id":4418,"date":"2013-11-18T06:27:22","date_gmt":"2013-11-18T06:27:22","guid":{"rendered":"http:\/\/ossaw.at\/?page_id=4418"},"modified":"2020-10-21T09:46:19","modified_gmt":"2020-10-21T07:46:19","slug":"upis","status":"publish","type":"page","link":"https:\/\/www.ossaw.at\/de\/%d0%b5%d0%ba%d0%be%d0%bd%d0%be%d0%bc%d1%81%d0%ba%d0%b8-%d1%83%d0%bd%d0%b8%d0%b2%d0%b5%d1%80%d0%b7%d0%b8%d1%82%d0%b5%d1%82-%d1%83-%d0%b1%d0%b5%d1%87%d1%83\/upis\/","title":{"rendered":"Zulassung f\u00fcr Wirtschaftsuniversit\u00e4t Wien &#8211; WU"},"content":{"rendered":"<p><\/p>\n<p align=\"JUSTIFY\">\u00a0<font class=\"fp_sc_div fp_wf_Lato\" style=\" color: #000000 !important;\"><\/p>\n<p style=\"text-align: center;\" align=\"JUSTIFY\"><img decoding=\"async\" class=\"aligncenter wp-image-4551\" src=\"http:\/\/ossaw.at\/wp-content\/uploads\/2013\/11\/header_memo.png\" alt=\"header_memo\" width=\"376\" height=\"161\" srcset=\"https:\/\/www.ossaw.at\/wp-content\/uploads\/2013\/11\/header_memo.png 627w, https:\/\/www.ossaw.at\/wp-content\/uploads\/2013\/11\/header_memo-300x128.png 300w, https:\/\/www.ossaw.at\/wp-content\/uploads\/2013\/11\/header_memo-600x257.png 600w\" sizes=\"(max-width: 376px) 100vw, 376px\" \/><\/p>\n<h1 lang=\"de-DE\" align=\"CENTER\"><\/h1>\n<p>&nbsp;<\/p>\n<h2 lang=\"de-DE\" align=\"CENTER\"><strong>Prijava za Univerzitet za ekonomiju<\/strong><\/h2>\n<h2 align=\"CENTER\"><em>(Zulassung f\u00fcr Wirtschaftsuniversit\u00e4t Wien &#8211; WU)<\/em><\/h2>\n<h1 align=\"CENTER\"><\/h1>\n<p style=\"text-align: justify;\" align=\"JUSTIFY\">Univerzitet za ekonomiju (<em>WU<\/em>) nudi bogatu ponudu osnovnih, master i doktorskih studija u oblasti ekonomije. \u0160kolarina po semestru za studente iz Srbije, koji su kra\u0107i od 5 godina u Be\u010du iznosi 726,72 evra plus dodatak za studentsku slu\u017ebu u visini od oko 18 evra. Ukoliko \u017eelite da zapo\u010dnete ili nastavite studije na Univerzitetu za ekonomiju u Be\u010du (<em>WU<\/em>), procedura je jednostavna i u nekoliko koraka mogu\u0107a.\u00a0<em><strong>Navedena procedura, odnosi se isklju\u010divo za konkurisanje na osnovne studije.<\/strong><\/em>\u00a0Rok za prijavu na master studije kao i potrebna dokumentacija zavise prvenstveno od vrste master studija i jezika na kom se studije poha\u0111aju (engleski ili nema\u010dki). Svi potrebni podaci i rokovi za master studije se mogu na\u0107i na web stranici Univerziteta.<\/p>\n<p style=\"text-align: justify;\" align=\"JUSTIFY\">Od trenutka kada se vodite kao redovan student Ekonomskog fakulteta u Srbiji ili Pravnog fakulteta, ako ste zainteresovani za prijem na osnovne studije Poslovnog prava (nakon polo\u017eenog prijemnog ispita i dobijanja indeksa), va\u0161e apliciranje mo\u017ee da po\u010dne. Proces upisa na Univerzitet se sastoji iz vi\u0161e koraka:<\/p>\n<ol style=\"text-align: justify;\">\n<li>\n<p lang=\"sh-BA\" align=\"JUSTIFY\">onlajn registracija;<\/p>\n<\/li>\n<li>\n<p lang=\"sh-BA\" align=\"JUSTIFY\">prijemi ispit;<\/p>\n<\/li>\n<li>\n<p align=\"JUSTIFY\">predaja potrebnih dokumenata i upis.<\/p>\n<\/li>\n<\/ol>\n<p style=\"text-align: justify;\" align=\"JUSTIFY\"><em><strong>Onlajn registracija<\/strong><\/em>\u00a0za upis u zimski semestar teku\u0107e godine ili letnji semestar slede\u0107e se mo\u017ee izvr\u0161iti u periodu od 15. aprila do 31. maja i sastoji se od ispunjavanja formulara na web stranici i predaje motivacionog pisma u kome se obrazla\u017eu razlozi za upis na Univerzitet za ekonomiju (<em>WU<\/em>). Napomena: onlajn registracija se obavlja jednom godi\u0161nje i bez nje ne mo\u017ee polagati potencijalni prijemni ispit niti izvr\u0161iti predaja dokumenata i upis!<\/p>\n<p style=\"text-align: justify;\" align=\"JUSTIFY\"><em><strong>Prijemni ispit<\/strong><\/em>\u00a0se pola\u017ee samo ako je broj studenata u fazi onlajn registracije prema\u0161io maksimalni kapacitet Univerziteta (trenutno 3 764 studenta po godini studiranja). Informacije o eventualnom polaganju prijemnog ispita, datumu i mestu odr\u017eavanja kao i potrebnoj literaturi se mogu prona\u0107i na <a href=\"http:\/\/www.wu.ac.at\/programs\/bachelor\/wiso\/admission\/select\">veb stranici Univerziteta<\/a>.<\/p>\n<p style=\"text-align: justify;\" align=\"JUSTIFY\"><span style=\"font-family: inherit; font-size: inherit; font-weight: inherit; line-height: 1.6;\">\u00a0<\/span><\/p>\n<p style=\"text-align: justify;\" align=\"JUSTIFY\"><em><strong>Predaja dokumenata i upis\u00a0<\/strong><\/em>za zimski semestar teku\u0107e godine se mogu obaviti:<\/p>\n<ul style=\"text-align: justify;\">\n<li>\n<p align=\"JUSTIFY\">u periodu 16. jula &#8211; 20. avgusta teku\u0107e godine ako se prijemni ispit odr\u017eava;<\/p>\n<\/li>\n<li>\n<p align=\"JUSTIFY\">u periodu 17. juna\u2013 05. septembra bez odr\u017eavanja prijemnog ispita.<\/p>\n<\/li>\n<\/ul>\n<p style=\"text-align: justify;\" align=\"JUSTIFY\">Rok za predaju dokumenata i upis za letnji semestar slede\u0107e godine po\u010dinje 7. januara i zavr\u0161ava se 5. februara nezavisno od polaganja prijemnog ispita, jer se prijemni ispit eventualno pola\u017ee u junu\/julu godine kada se obavi onlajn registracija.<\/p>\n<p lang=\"sh-BA\" style=\"text-align: justify;\" align=\"JUSTIFY\"><em><strong>Neophodna dokumentacija:<\/strong><\/em><\/p>\n<ul style=\"text-align: justify;\">\n<li>\n<p align=\"JUSTIFY\">Aplikacioni formular Univerziteta u Be\u010du, koji mo\u017eete skinuti sa njihove <a href=\"http:\/\/www.wu.ac.at\/prospective\/en\/admission\/international\">internet stranice<\/a>.<\/p>\n<\/li>\n<\/ul>\n<ul style=\"text-align: justify;\">\n<li>\n<p align=\"JUSTIFY\">Potvrda da ste redovan student Ekonomskog fakulteta (Pravnog) u Srbiji, koji dobijate od studentske slu\u017ebe sa va\u0161eg mati\u010dnog fakulteta;<\/p>\n<\/li>\n<\/ul>\n<ul style=\"text-align: justify;\">\n<li>\n<p align=\"JUSTIFY\">Svedo\u010danstva iz srednje \u0161kole;<\/p>\n<\/li>\n<li>\n<p align=\"JUSTIFY\">Maturska diploma, kao dokaz o ste\u010denom srednjem obrazovanju;<\/p>\n<\/li>\n<li>\n<p align=\"JUSTIFY\">Dokaz o poznavanju i vladanju nema\u010dkog jezika, nivo B2. Od zimskog semestra 2013\/2014 je poznavanje nema\u010dkog jezika i potvrda o B2 nivou neophodna za upis! Vi\u0161e ne postoji mogu\u0107nost upisa na Univerzitet i naknadnog u\u010denja jezika na jednim od kurseva!;<\/p>\n<\/li>\n<li>\n<p align=\"JUSTIFY\">Li\u010dna biografija (CV);<\/p>\n<\/li>\n<li>\n<p align=\"JUSTIFY\">Kopija prve strane paso\u0161a;<\/p>\n<\/li>\n<\/ul>\n<p style=\"text-align: justify;\" align=\"JUSTIFY\">Sva navedena dokumenta, koja su na srpskom jeziku, du\u017eni ste da kod sudskog tuma\u010da u Srbiji prevedete na nema\u010dki jezik i overite kod istog, te ih zajedno sa aplikacionim formularom, koji ste skinuli sa interneta, donesete li\u010dno ili po\u0161tanskim putem po\u0161aljete na adresu Univerziteta za ekonomiju u Be\u010du :<\/p>\n<p lang=\"sh-BA\" style=\"text-align: center;\" align=\"JUSTIFY\"><strong>WU<\/strong><\/p>\n<p lang=\"sh-BA\" style=\"text-align: center;\" align=\"JUSTIFY\"><strong>Wirtschafstuniversit\u00e4t Wien \/ Vienna University of Economics and Business<\/strong><\/p>\n<p lang=\"sh-BA\" style=\"text-align: center;\" align=\"JUSTIFY\"><strong>Study Service Center &#8211; Studienzulassung \/ Admissions<\/strong><\/p>\n<p lang=\"sh-BA\" style=\"text-align: center;\" align=\"JUSTIFY\"><strong>Welthandelsplatz 1<\/strong><\/p>\n<p lang=\"sh-BA\" style=\"text-align: center;\" align=\"JUSTIFY\"><strong>1020 Vienna<\/strong><\/p>\n<p lang=\"sh-BA\" style=\"text-align: center;\" align=\"JUSTIFY\"><strong>Austria<\/strong><\/p>\n<p style=\"text-align: justify;\" align=\"JUSTIFY\">Odgovor sa Univerziteta sti\u0107i \u0107e vam na ku\u0107nu adresu u roku od 4-6 nedelja.<\/p>\n<p style=\"text-align: justify;\" align=\"JUSTIFY\">Za sve ostale informacije, mo\u017eete posetiti <a href=\"http:\/\/www.wu.ac.at\">sajt fakulteta<\/a>\u00a0ili ukoliko imate dodatna pitanja, mo\u017eete nam se obratiti <a href=\"http:\/\/ossaw.at\/contacts-page\/\">putem OSSI Be\u010d mejla<\/a>\u00a0ili na na\u0161oj <a href=\"https:\/\/www.facebook.com\/groups\/ossaw\/\">Fejzbuk stranici<\/a>.<\/p>\n<p lang=\"sh-BA\" align=\"RIGHT\">Puno sre\u0107e!<\/p>\n<p lang=\"sh-BA\" align=\"RIGHT\">Va\u0161 OSSI Be\u010d<\/p>\n<p lang=\"sh-BA\" style=\"text-align: center;\" align=\"RIGHT\"><img decoding=\"async\" class=\"aligncenter size-large wp-image-4549\" src=\"http:\/\/ossaw.at\/wp-content\/uploads\/2013\/11\/feet_memo-1024x74.jpg\" alt=\"feet_memo\" width=\"900\" height=\"65\" srcset=\"https:\/\/www.ossaw.at\/wp-content\/uploads\/2013\/11\/feet_memo-1024x74.jpg 1024w, https:\/\/www.ossaw.at\/wp-content\/uploads\/2013\/11\/feet_memo-300x21.jpg 300w, https:\/\/www.ossaw.at\/wp-content\/uploads\/2013\/11\/feet_memo-600x43.jpg 600w\" sizes=\"(max-width: 900px) 100vw, 900px\" \/><\/p>\n<p lang=\"sh-BA\" style=\"text-align: left;\" align=\"RIGHT\">[wpdm_file id=3]<\/p>\n<p lang=\"sh-BA\" align=\"RIGHT\"><\/font><\/p>\n<p><\/p>","protected":false},"excerpt":{"rendered":"<p>\u00a0<\/p>\n","protected":false},"author":25,"featured_media":0,"parent":4397,"menu_order":0,"comment_status":"closed","ping_status":"closed","template":"","meta":{"footnotes":""},"yoast_head":"<!-- This site is optimized with the Yoast SEO plugin v23.5 - https:\/\/yoast.com\/wordpress\/plugins\/seo\/ -->\n<title>Zulassung f\u00fcr Wirtschaftsuniversit\u00e4t Wien - WU - \u041eSSAW<\/title>\n<meta name=\"robots\" content=\"index, follow, max-snippet:-1, max-image-preview:large, max-video-preview:-1\" \/>\n<link rel=\"canonical\" href=\"https:\/\/www.ossaw.at\/\u0435\u043a\u043e\u043d\u043e\u043c\u0441\u043a\u0438-\u0443\u043d\u0438\u0432\u0435\u0440\u0437\u0438\u0442\u0435\u0442-\u0443-\u0431\u0435\u0447\u0443\/upis\/\" \/>\n<meta property=\"og:locale\" content=\"de_DE\" \/>\n<meta property=\"og:type\" content=\"article\" \/>\n<meta property=\"og:title\" content=\"Zulassung f\u00fcr Wirtschaftsuniversit\u00e4t Wien - WU - \u041eSSAW\" \/>\n<meta property=\"og:description\" content=\"\u00a0\" \/>\n<meta property=\"og:url\" content=\"https:\/\/www.ossaw.at\/\u0435\u043a\u043e\u043d\u043e\u043c\u0441\u043a\u0438-\u0443\u043d\u0438\u0432\u0435\u0440\u0437\u0438\u0442\u0435\u0442-\u0443-\u0431\u0435\u0447\u0443\/upis\/\" \/>\n<meta property=\"og:site_name\" content=\"\u041eSSAW\" \/>\n<meta property=\"article:publisher\" content=\"https:\/\/www.facebook.com\/ossaw\" \/>\n<meta property=\"article:modified_time\" content=\"2020-10-21T07:46:19+00:00\" \/>\n<meta property=\"og:image\" content=\"https:\/\/www.ossaw.at\/wp-content\/uploads\/2013\/11\/wu-campus-41166-19to1-1024x539.jpeg\" \/>\n<meta name=\"twitter:card\" content=\"summary_large_image\" \/>\n<meta name=\"twitter:label1\" content=\"Gesch\u00e4tzte Lesezeit\" \/>\n\t<meta name=\"twitter:data1\" content=\"3\u00a0Minuten\" \/>\n<script type=\"application\/ld+json\" class=\"yoast-schema-graph\">{\"@context\":\"https:\/\/schema.org\",\"@graph\":[{\"@type\":\"WebPage\",\"@id\":\"https:\/\/www.ossaw.at\/%d0%b5%d0%ba%d0%be%d0%bd%d0%be%d0%bc%d1%81%d0%ba%d0%b8-%d1%83%d0%bd%d0%b8%d0%b2%d0%b5%d1%80%d0%b7%d0%b8%d1%82%d0%b5%d1%82-%d1%83-%d0%b1%d0%b5%d1%87%d1%83\/upis\/\",\"url\":\"https:\/\/www.ossaw.at\/%d0%b5%d0%ba%d0%be%d0%bd%d0%be%d0%bc%d1%81%d0%ba%d0%b8-%d1%83%d0%bd%d0%b8%d0%b2%d0%b5%d1%80%d0%b7%d0%b8%d1%82%d0%b5%d1%82-%d1%83-%d0%b1%d0%b5%d1%87%d1%83\/upis\/\",\"name\":\"Zulassung f\u00fcr Wirtschaftsuniversit\u00e4t Wien - WU - \u041eSSAW\",\"isPartOf\":{\"@id\":\"https:\/\/www.ossaw.at\/#website\"},\"primaryImageOfPage\":{\"@id\":\"https:\/\/www.ossaw.at\/%d0%b5%d0%ba%d0%be%d0%bd%d0%be%d0%bc%d1%81%d0%ba%d0%b8-%d1%83%d0%bd%d0%b8%d0%b2%d0%b5%d1%80%d0%b7%d0%b8%d1%82%d0%b5%d1%82-%d1%83-%d0%b1%d0%b5%d1%87%d1%83\/upis\/#primaryimage\"},\"image\":{\"@id\":\"https:\/\/www.ossaw.at\/%d0%b5%d0%ba%d0%be%d0%bd%d0%be%d0%bc%d1%81%d0%ba%d0%b8-%d1%83%d0%bd%d0%b8%d0%b2%d0%b5%d1%80%d0%b7%d0%b8%d1%82%d0%b5%d1%82-%d1%83-%d0%b1%d0%b5%d1%87%d1%83\/upis\/#primaryimage\"},\"thumbnailUrl\":\"https:\/\/www.ossaw.at\/wp-content\/uploads\/2013\/11\/wu-campus-41166-19to1-1024x539.jpeg\",\"datePublished\":\"2013-11-18T06:27:22+00:00\",\"dateModified\":\"2020-10-21T07:46:19+00:00\",\"breadcrumb\":{\"@id\":\"https:\/\/www.ossaw.at\/%d0%b5%d0%ba%d0%be%d0%bd%d0%be%d0%bc%d1%81%d0%ba%d0%b8-%d1%83%d0%bd%d0%b8%d0%b2%d0%b5%d1%80%d0%b7%d0%b8%d1%82%d0%b5%d1%82-%d1%83-%d0%b1%d0%b5%d1%87%d1%83\/upis\/#breadcrumb\"},\"inLanguage\":\"de\",\"potentialAction\":[{\"@type\":\"ReadAction\",\"target\":[\"https:\/\/www.ossaw.at\/%d0%b5%d0%ba%d0%be%d0%bd%d0%be%d0%bc%d1%81%d0%ba%d0%b8-%d1%83%d0%bd%d0%b8%d0%b2%d0%b5%d1%80%d0%b7%d0%b8%d1%82%d0%b5%d1%82-%d1%83-%d0%b1%d0%b5%d1%87%d1%83\/upis\/\"]}]},{\"@type\":\"ImageObject\",\"inLanguage\":\"de\",\"@id\":\"https:\/\/www.ossaw.at\/%d0%b5%d0%ba%d0%be%d0%bd%d0%be%d0%bc%d1%81%d0%ba%d0%b8-%d1%83%d0%bd%d0%b8%d0%b2%d0%b5%d1%80%d0%b7%d0%b8%d1%82%d0%b5%d1%82-%d1%83-%d0%b1%d0%b5%d1%87%d1%83\/upis\/#primaryimage\",\"url\":\"https:\/\/www.ossaw.at\/wp-content\/uploads\/2013\/11\/wu-campus-41166-19to1-1024x539.jpeg\",\"contentUrl\":\"https:\/\/www.ossaw.at\/wp-content\/uploads\/2013\/11\/wu-campus-41166-19to1-1024x539.jpeg\"},{\"@type\":\"BreadcrumbList\",\"@id\":\"https:\/\/www.ossaw.at\/%d0%b5%d0%ba%d0%be%d0%bd%d0%be%d0%bc%d1%81%d0%ba%d0%b8-%d1%83%d0%bd%d0%b8%d0%b2%d0%b5%d1%80%d0%b7%d0%b8%d1%82%d0%b5%d1%82-%d1%83-%d0%b1%d0%b5%d1%87%d1%83\/upis\/#breadcrumb\",\"itemListElement\":[{\"@type\":\"ListItem\",\"position\":1,\"name\":\"\u041f\u043e\u0447\u0435\u0442\u043d\u0430\",\"item\":\"https:\/\/www.ossaw.at\/\"},{\"@type\":\"ListItem\",\"position\":2,\"name\":\"\u0415\u043a\u043e\u043d\u043e\u043c\u0441\u043a\u0438 \u0443\u043d\u0438\u0432\u0435\u0440\u0437\u0438\u0442\u0435\u0442 \u0443 \u0411\u0435\u0447\u0443 (WU Wien)\",\"item\":\"https:\/\/www.ossaw.at\/%d0%b5%d0%ba%d0%be%d0%bd%d0%be%d0%bc%d1%81%d0%ba%d0%b8-%d1%83%d0%bd%d0%b8%d0%b2%d0%b5%d1%80%d0%b7%d0%b8%d1%82%d0%b5%d1%82-%d1%83-%d0%b1%d0%b5%d1%87%d1%83\/\"},{\"@type\":\"ListItem\",\"position\":3,\"name\":\"\u041f\u0440\u0438\u0458\u0430\u0432\u0430 \u043d\u0430 \u0415\u043a\u043e\u043d\u043e\u043c\u0441\u043a\u0438 \u0443\u043d\u0438\u0432\u0435\u0440\u0437\u0438\u0442\u0435\u0442\"}]},{\"@type\":\"WebSite\",\"@id\":\"https:\/\/www.ossaw.at\/#website\",\"url\":\"https:\/\/www.ossaw.at\/\",\"name\":\"\u041eSSAW\",\"description\":\"Organisation Serbischer Studenten im Ausland - Wien\",\"publisher\":{\"@id\":\"https:\/\/www.ossaw.at\/#organization\"},\"potentialAction\":[{\"@type\":\"SearchAction\",\"target\":{\"@type\":\"EntryPoint\",\"urlTemplate\":\"https:\/\/www.ossaw.at\/?s={search_term_string}\"},\"query-input\":{\"@type\":\"PropertyValueSpecification\",\"valueRequired\":true,\"valueName\":\"search_term_string\"}}],\"inLanguage\":\"de\"},{\"@type\":\"Organization\",\"@id\":\"https:\/\/www.ossaw.at\/#organization\",\"name\":\"\u041e\u0441\u0441\u0438 - \u0411\u0435\u0447\",\"url\":\"https:\/\/www.ossaw.at\/\",\"logo\":{\"@type\":\"ImageObject\",\"inLanguage\":\"de\",\"@id\":\"https:\/\/www.ossaw.at\/#\/schema\/logo\/image\/\",\"url\":\"https:\/\/www.ossaw.at\/wp-content\/uploads\/2016\/07\/OSSAW-logo-cirilica-page-001-2.jpg\",\"contentUrl\":\"https:\/\/www.ossaw.at\/wp-content\/uploads\/2016\/07\/OSSAW-logo-cirilica-page-001-2.jpg\",\"width\":1448,\"height\":1024,\"caption\":\"\u041e\u0441\u0441\u0438 - \u0411\u0435\u0447\"},\"image\":{\"@id\":\"https:\/\/www.ossaw.at\/#\/schema\/logo\/image\/\"},\"sameAs\":[\"https:\/\/www.facebook.com\/ossaw\",\"https:\/\/www.instagram.com\/ossa_wien\/\",\"https:\/\/www.linkedin.com\/company\/organisation-of-serbian-students-abroad---vienna\"]}]}<\/script>\n<!-- \/ Yoast SEO plugin. -->","yoast_head_json":{"title":"Zulassung f\u00fcr Wirtschaftsuniversit\u00e4t Wien - WU - \u041eSSAW","robots":{"index":"index","follow":"follow","max-snippet":"max-snippet:-1","max-image-preview":"max-image-preview:large","max-video-preview":"max-video-preview:-1"},"canonical":"https:\/\/www.ossaw.at\/\u0435\u043a\u043e\u043d\u043e\u043c\u0441\u043a\u0438-\u0443\u043d\u0438\u0432\u0435\u0440\u0437\u0438\u0442\u0435\u0442-\u0443-\u0431\u0435\u0447\u0443\/upis\/","og_locale":"de_DE","og_type":"article","og_title":"Zulassung f\u00fcr Wirtschaftsuniversit\u00e4t Wien - WU - \u041eSSAW","og_description":"\u00a0","og_url":"https:\/\/www.ossaw.at\/\u0435\u043a\u043e\u043d\u043e\u043c\u0441\u043a\u0438-\u0443\u043d\u0438\u0432\u0435\u0440\u0437\u0438\u0442\u0435\u0442-\u0443-\u0431\u0435\u0447\u0443\/upis\/","og_site_name":"\u041eSSAW","article_publisher":"https:\/\/www.facebook.com\/ossaw","article_modified_time":"2020-10-21T07:46:19+00:00","og_image":[{"url":"https:\/\/www.ossaw.at\/wp-content\/uploads\/2013\/11\/wu-campus-41166-19to1-1024x539.jpeg"}],"twitter_card":"summary_large_image","twitter_misc":{"Gesch\u00e4tzte Lesezeit":"3\u00a0Minuten"},"schema":{"@context":"https:\/\/schema.org","@graph":[{"@type":"WebPage","@id":"https:\/\/www.ossaw.at\/%d0%b5%d0%ba%d0%be%d0%bd%d0%be%d0%bc%d1%81%d0%ba%d0%b8-%d1%83%d0%bd%d0%b8%d0%b2%d0%b5%d1%80%d0%b7%d0%b8%d1%82%d0%b5%d1%82-%d1%83-%d0%b1%d0%b5%d1%87%d1%83\/upis\/","url":"https:\/\/www.ossaw.at\/%d0%b5%d0%ba%d0%be%d0%bd%d0%be%d0%bc%d1%81%d0%ba%d0%b8-%d1%83%d0%bd%d0%b8%d0%b2%d0%b5%d1%80%d0%b7%d0%b8%d1%82%d0%b5%d1%82-%d1%83-%d0%b1%d0%b5%d1%87%d1%83\/upis\/","name":"Zulassung f\u00fcr Wirtschaftsuniversit\u00e4t Wien - WU - \u041eSSAW","isPartOf":{"@id":"https:\/\/www.ossaw.at\/#website"},"primaryImageOfPage":{"@id":"https:\/\/www.ossaw.at\/%d0%b5%d0%ba%d0%be%d0%bd%d0%be%d0%bc%d1%81%d0%ba%d0%b8-%d1%83%d0%bd%d0%b8%d0%b2%d0%b5%d1%80%d0%b7%d0%b8%d1%82%d0%b5%d1%82-%d1%83-%d0%b1%d0%b5%d1%87%d1%83\/upis\/#primaryimage"},"image":{"@id":"https:\/\/www.ossaw.at\/%d0%b5%d0%ba%d0%be%d0%bd%d0%be%d0%bc%d1%81%d0%ba%d0%b8-%d1%83%d0%bd%d0%b8%d0%b2%d0%b5%d1%80%d0%b7%d0%b8%d1%82%d0%b5%d1%82-%d1%83-%d0%b1%d0%b5%d1%87%d1%83\/upis\/#primaryimage"},"thumbnailUrl":"https:\/\/www.ossaw.at\/wp-content\/uploads\/2013\/11\/wu-campus-41166-19to1-1024x539.jpeg","datePublished":"2013-11-18T06:27:22+00:00","dateModified":"2020-10-21T07:46:19+00:00","breadcrumb":{"@id":"https:\/\/www.ossaw.at\/%d0%b5%d0%ba%d0%be%d0%bd%d0%be%d0%bc%d1%81%d0%ba%d0%b8-%d1%83%d0%bd%d0%b8%d0%b2%d0%b5%d1%80%d0%b7%d0%b8%d1%82%d0%b5%d1%82-%d1%83-%d0%b1%d0%b5%d1%87%d1%83\/upis\/#breadcrumb"},"inLanguage":"de","potentialAction":[{"@type":"ReadAction","target":["https:\/\/www.ossaw.at\/%d0%b5%d0%ba%d0%be%d0%bd%d0%be%d0%bc%d1%81%d0%ba%d0%b8-%d1%83%d0%bd%d0%b8%d0%b2%d0%b5%d1%80%d0%b7%d0%b8%d1%82%d0%b5%d1%82-%d1%83-%d0%b1%d0%b5%d1%87%d1%83\/upis\/"]}]},{"@type":"ImageObject","inLanguage":"de","@id":"https:\/\/www.ossaw.at\/%d0%b5%d0%ba%d0%be%d0%bd%d0%be%d0%bc%d1%81%d0%ba%d0%b8-%d1%83%d0%bd%d0%b8%d0%b2%d0%b5%d1%80%d0%b7%d0%b8%d1%82%d0%b5%d1%82-%d1%83-%d0%b1%d0%b5%d1%87%d1%83\/upis\/#primaryimage","url":"https:\/\/www.ossaw.at\/wp-content\/uploads\/2013\/11\/wu-campus-41166-19to1-1024x539.jpeg","contentUrl":"https:\/\/www.ossaw.at\/wp-content\/uploads\/2013\/11\/wu-campus-41166-19to1-1024x539.jpeg"},{"@type":"BreadcrumbList","@id":"https:\/\/www.ossaw.at\/%d0%b5%d0%ba%d0%be%d0%bd%d0%be%d0%bc%d1%81%d0%ba%d0%b8-%d1%83%d0%bd%d0%b8%d0%b2%d0%b5%d1%80%d0%b7%d0%b8%d1%82%d0%b5%d1%82-%d1%83-%d0%b1%d0%b5%d1%87%d1%83\/upis\/#breadcrumb","itemListElement":[{"@type":"ListItem","position":1,"name":"\u041f\u043e\u0447\u0435\u0442\u043d\u0430","item":"https:\/\/www.ossaw.at\/"},{"@type":"ListItem","position":2,"name":"\u0415\u043a\u043e\u043d\u043e\u043c\u0441\u043a\u0438 \u0443\u043d\u0438\u0432\u0435\u0440\u0437\u0438\u0442\u0435\u0442 \u0443 \u0411\u0435\u0447\u0443 (WU Wien)","item":"https:\/\/www.ossaw.at\/%d0%b5%d0%ba%d0%be%d0%bd%d0%be%d0%bc%d1%81%d0%ba%d0%b8-%d1%83%d0%bd%d0%b8%d0%b2%d0%b5%d1%80%d0%b7%d0%b8%d1%82%d0%b5%d1%82-%d1%83-%d0%b1%d0%b5%d1%87%d1%83\/"},{"@type":"ListItem","position":3,"name":"\u041f\u0440\u0438\u0458\u0430\u0432\u0430 \u043d\u0430 \u0415\u043a\u043e\u043d\u043e\u043c\u0441\u043a\u0438 \u0443\u043d\u0438\u0432\u0435\u0440\u0437\u0438\u0442\u0435\u0442"}]},{"@type":"WebSite","@id":"https:\/\/www.ossaw.at\/#website","url":"https:\/\/www.ossaw.at\/","name":"\u041eSSAW","description":"Organisation Serbischer Studenten im Ausland - Wien","publisher":{"@id":"https:\/\/www.ossaw.at\/#organization"},"potentialAction":[{"@type":"SearchAction","target":{"@type":"EntryPoint","urlTemplate":"https:\/\/www.ossaw.at\/?s={search_term_string}"},"query-input":{"@type":"PropertyValueSpecification","valueRequired":true,"valueName":"search_term_string"}}],"inLanguage":"de"},{"@type":"Organization","@id":"https:\/\/www.ossaw.at\/#organization","name":"\u041e\u0441\u0441\u0438 - \u0411\u0435\u0447","url":"https:\/\/www.ossaw.at\/","logo":{"@type":"ImageObject","inLanguage":"de","@id":"https:\/\/www.ossaw.at\/#\/schema\/logo\/image\/","url":"https:\/\/www.ossaw.at\/wp-content\/uploads\/2016\/07\/OSSAW-logo-cirilica-page-001-2.jpg","contentUrl":"https:\/\/www.ossaw.at\/wp-content\/uploads\/2016\/07\/OSSAW-logo-cirilica-page-001-2.jpg","width":1448,"height":1024,"caption":"\u041e\u0441\u0441\u0438 - \u0411\u0435\u0447"},"image":{"@id":"https:\/\/www.ossaw.at\/#\/schema\/logo\/image\/"},"sameAs":["https:\/\/www.facebook.com\/ossaw","https:\/\/www.instagram.com\/ossa_wien\/","https:\/\/www.linkedin.com\/company\/organisation-of-serbian-students-abroad---vienna"]}]}},"_links":{"self":[{"href":"https:\/\/www.ossaw.at\/de\/wp-json\/wp\/v2\/pages\/4418"}],"collection":[{"href":"https:\/\/www.ossaw.at\/de\/wp-json\/wp\/v2\/pages"}],"about":[{"href":"https:\/\/www.ossaw.at\/de\/wp-json\/wp\/v2\/types\/page"}],"author":[{"embeddable":true,"href":"https:\/\/www.ossaw.at\/de\/wp-json\/wp\/v2\/users\/25"}],"replies":[{"embeddable":true,"href":"https:\/\/www.ossaw.at\/de\/wp-json\/wp\/v2\/comments?post=4418"}],"version-history":[{"count":0,"href":"https:\/\/www.ossaw.at\/de\/wp-json\/wp\/v2\/pages\/4418\/revisions"}],"up":[{"embeddable":true,"href":"https:\/\/www.ossaw.at\/de\/wp-json\/wp\/v2\/pages\/4397"}],"wp:attachment":[{"href":"https:\/\/www.ossaw.at\/de\/wp-json\/wp\/v2\/media?parent=4418"}],"curies":[{"name":"wp","href":"https:\/\/api.w.org\/{rel}","templated":true}]}}