{"id":4422,"date":"2013-11-18T06:37:08","date_gmt":"2013-11-18T06:37:08","guid":{"rendered":"http:\/\/ossaw.at\/?page_id=4422"},"modified":"2013-11-23T02:08:58","modified_gmt":"2013-11-23T01:08:58","slug":"first-ossaw","status":"publish","type":"page","link":"https:\/\/www.ossaw.at\/de\/first-ossaw\/","title":{"rendered":"First, OSSAW"},"content":{"rendered":"<font class=\"fp_sc_div fp_wf_Lato\" style=\" color: #000000 !important;\"><\/p>\n<h1 align=\"CENTER\"><strong>Po\u010dni od OSSI-ja, ogranak Be\u010d (OSSAW)!<\/strong><\/h1>\n<p style=\"text-align: justify;\" align=\"JUSTIFY\">,,Od 92 000 studenata Univerziteta u Be\u010du, skoro 23 000 njih dolazi iz inostranstva.\u201d \u2013 ka\u017ee oficijelna Fejsbuk stranica Univerziteta. Po statistici, (Tabela \u2013\u00a0<em>Studienservice<\/em><em>und Lehrwesen<\/em>,\u00a0<em>UniWien<\/em>) od ovih 23 000 svakog dana raste broj srpskih studenata, ali i omladine iz dr\u017eava nekada\u0161nje Jugoslavije. Uglavnom po\u010dinju sa be\u010delor (osnovnim) studijama, ali postoji i veliki broj studenata na master i doktorskim studijama.<\/p>\n<p style=\"text-align: justify;\" align=\"JUSTIFY\">\n<p style=\"text-align: justify;\" align=\"JUSTIFY\"><img decoding=\"async\" class=\"aligncenter size-large wp-image-4424\" alt=\"Neue Bitmap\" src=\"http:\/\/ossaw.at\/wp-content\/uploads\/2013\/11\/Neue-Bitmap.bmp\" \/><\/p>\n<p style=\"text-align: justify;\" align=\"JUSTIFY\">\n<p style=\"text-align: justify;\" align=\"JUSTIFY\">Svi oni koji planiraju studije u Be\u010du ili su ve\u0107 tim povodom u pomenutom gradu mogu lako da se sretnu, okupe, dru\u017ee i (me\u0111usobno) poma\u017eu u\u00a0<strong>Organizaciji srpskih studenata u inostranstvu (OSSI)<\/strong><strong>,<\/strong>\u00a0ogranak\u00a0<strong>Be\u010d<\/strong>\u00a0(<em><strong>OSSAW<\/strong><\/em>):<\/p>\n<ul style=\"text-align: justify;\">\n<li>\n<p align=\"JUSTIFY\">na sajtu grupe: <a href=\"http:\/\/ossaw.at\">wien.ossi.rs<\/a> <i>\/\u00a0<\/i><a href=\"http:\/\/ossaw.at\/\">ossaw.at<\/a><\/p>\n<\/li>\n<li>\n<p align=\"JUSTIFY\">na <a href=\"http:\/\/www.facebook.com\/ossaw\">Fejsbuku<\/a>, tj. na zvani\u010dnoj stranici grupe<\/p>\n<\/li>\n<li>\n<p align=\"JUSTIFY\">na istoj dru\u0161tvenoj mre\u017ei u interaktivnoj grupi\u00a0<em>OSSAW<\/em>\u00a0gde mogu direktno da komuniciraju sa ostalim \u010dlanovima, ali i svima koji su ve\u0107 na studijama u <a href=\"http:\/\/www.facebook.com\/groups\/ossaw\/\">Be\u010du ili se interesuju za iste<\/a><\/p>\n<\/li>\n<\/ul>\n<p style=\"text-align: justify;\" align=\"JUSTIFY\">\u0160ta preciznije predstavlja organizacija, obja\u0161njava Irena Zagorac, potpredsednica OSSI-ja Be\u010d. ,,<em>OSSAW<\/em>\u00a0je organizacija koja okuplja srpske studente \u0161irom sveta i pru\u017ea im neophodne informacije u vezi sa samim studijama kao i \u017eivotom u odre\u0111enom gradu.\u00a0Studenti jedni drugima poma\u017eu, upoznaju se, dru\u017ee se i svojim zajedni\u010dkim interesovanjima i idejama pokre\u0107u projekte koji su od velikog zna\u010daja kako za zemlju u kojoj trenutno \u017eive, tako i za Srbiju, predstavljaju\u0107i je u najboljem svetlu!\u2019\u2019 \u2013 istakla je Zagor\u010deva.<\/p>\n<p style=\"text-align: justify;\" align=\"JUSTIFY\">Savetujemo da svako po\u010dne od\u00a0<em>OSSAW<\/em>\u00a0sa prikupljanjem informacija za budu\u0107e studije, jer raznolikost organizacije (ne samo u smislu razli\u010ditih smerova studija, ve\u0107 i nivoa (be\u010delor, master ili doktorske)) nudi \u0161irok spektar korisnih informacija, malih saveta i razli\u010ditih iskustava budu\u0107im kolegama i koleginicima svih univerziteta u Be\u010du. Tako\u0111e, na pomenutim linkovima na Fejsbuku, ali i na sajtu, mo\u017eete prona\u0107i sve va\u017ene informacije po\u010dev\u0161i od birokratije, sme\u0161taja, vize, do reporta\u017ea o fakultetima, o Be\u010du, kao i o Austriji uop\u0161te. Organizaciju vode srpski studenti koji su pro\u0161li sve ono \u0161to vas o\u010dekuje, te na razne na\u010dine poma\u017eu svim budu\u0107im, kao i sada\u0161njim kolegama i koleginicama na univerzitetima u Austriji.<\/p>\n<p lang=\"de-DE\" style=\"text-align: right;\" align=\"RIGHT\">Medijski sektor \u2013 OSSI Be\u010d,<\/p>\n<p lang=\"de-DE\" align=\"RIGHT\"><a name=\"_GoBack\"><\/a>\u00a0Sandra Radovanovi\u0107<\/p>\n<p lang=\"de-DE\" align=\"JUSTIFY\">\u00a0\u00a0<\/font>\n","protected":false},"excerpt":{"rendered":"","protected":false},"author":25,"featured_media":0,"parent":0,"menu_order":0,"comment_status":"open","ping_status":"open","template":"","meta":{"footnotes":""},"yoast_head":"<!-- This site is optimized with the Yoast SEO plugin v23.5 - https:\/\/yoast.com\/wordpress\/plugins\/seo\/ -->\n<title>First, OSSAW - \u041eSSAW<\/title>\n<meta name=\"robots\" content=\"index, follow, max-snippet:-1, max-image-preview:large, max-video-preview:-1\" \/>\n<link rel=\"canonical\" href=\"https:\/\/www.ossaw.at\/first-ossaw\/\" \/>\n<meta property=\"og:locale\" content=\"de_DE\" \/>\n<meta property=\"og:type\" content=\"article\" \/>\n<meta property=\"og:title\" content=\"First, OSSAW - \u041eSSAW\" \/>\n<meta property=\"og:url\" content=\"https:\/\/www.ossaw.at\/first-ossaw\/\" \/>\n<meta property=\"og:site_name\" content=\"\u041eSSAW\" \/>\n<meta property=\"article:publisher\" content=\"https:\/\/www.facebook.com\/ossaw\" \/>\n<meta property=\"article:modified_time\" content=\"2013-11-23T01:08:58+00:00\" \/>\n<meta property=\"og:image\" content=\"http:\/\/ossaw.at\/wp-content\/uploads\/2013\/11\/Neue-Bitmap.bmp\" \/>\n<meta name=\"twitter:card\" content=\"summary_large_image\" \/>\n<meta name=\"twitter:label1\" content=\"Gesch\u00e4tzte Lesezeit\" \/>\n\t<meta name=\"twitter:data1\" content=\"2\u00a0Minuten\" \/>\n<script type=\"application\/ld+json\" class=\"yoast-schema-graph\">{\"@context\":\"https:\/\/schema.org\",\"@graph\":[{\"@type\":\"WebPage\",\"@id\":\"https:\/\/www.ossaw.at\/first-ossaw\/\",\"url\":\"https:\/\/www.ossaw.at\/first-ossaw\/\",\"name\":\"First, OSSAW - \u041eSSAW\",\"isPartOf\":{\"@id\":\"https:\/\/www.ossaw.at\/#website\"},\"primaryImageOfPage\":{\"@id\":\"https:\/\/www.ossaw.at\/first-ossaw\/#primaryimage\"},\"image\":{\"@id\":\"https:\/\/www.ossaw.at\/first-ossaw\/#primaryimage\"},\"thumbnailUrl\":\"http:\/\/ossaw.at\/wp-content\/uploads\/2013\/11\/Neue-Bitmap.bmp\",\"datePublished\":\"2013-11-18T06:37:08+00:00\",\"dateModified\":\"2013-11-23T01:08:58+00:00\",\"breadcrumb\":{\"@id\":\"https:\/\/www.ossaw.at\/first-ossaw\/#breadcrumb\"},\"inLanguage\":\"de\",\"potentialAction\":[{\"@type\":\"ReadAction\",\"target\":[\"https:\/\/www.ossaw.at\/first-ossaw\/\"]}]},{\"@type\":\"ImageObject\",\"inLanguage\":\"de\",\"@id\":\"https:\/\/www.ossaw.at\/first-ossaw\/#primaryimage\",\"url\":\"http:\/\/ossaw.at\/wp-content\/uploads\/2013\/11\/Neue-Bitmap.bmp\",\"contentUrl\":\"http:\/\/ossaw.at\/wp-content\/uploads\/2013\/11\/Neue-Bitmap.bmp\"},{\"@type\":\"BreadcrumbList\",\"@id\":\"https:\/\/www.ossaw.at\/first-ossaw\/#breadcrumb\",\"itemListElement\":[{\"@type\":\"ListItem\",\"position\":1,\"name\":\"\u041f\u043e\u0447\u0435\u0442\u043d\u0430\",\"item\":\"https:\/\/www.ossaw.at\/\"},{\"@type\":\"ListItem\",\"position\":2,\"name\":\"First, OSSAW\"}]},{\"@type\":\"WebSite\",\"@id\":\"https:\/\/www.ossaw.at\/#website\",\"url\":\"https:\/\/www.ossaw.at\/\",\"name\":\"\u041eSSAW\",\"description\":\"Organisation Serbischer Studenten im Ausland - Wien\",\"publisher\":{\"@id\":\"https:\/\/www.ossaw.at\/#organization\"},\"potentialAction\":[{\"@type\":\"SearchAction\",\"target\":{\"@type\":\"EntryPoint\",\"urlTemplate\":\"https:\/\/www.ossaw.at\/?s={search_term_string}\"},\"query-input\":{\"@type\":\"PropertyValueSpecification\",\"valueRequired\":true,\"valueName\":\"search_term_string\"}}],\"inLanguage\":\"de\"},{\"@type\":\"Organization\",\"@id\":\"https:\/\/www.ossaw.at\/#organization\",\"name\":\"\u041e\u0441\u0441\u0438 - \u0411\u0435\u0447\",\"url\":\"https:\/\/www.ossaw.at\/\",\"logo\":{\"@type\":\"ImageObject\",\"inLanguage\":\"de\",\"@id\":\"https:\/\/www.ossaw.at\/#\/schema\/logo\/image\/\",\"url\":\"https:\/\/www.ossaw.at\/wp-content\/uploads\/2016\/07\/OSSAW-logo-cirilica-page-001-2.jpg\",\"contentUrl\":\"https:\/\/www.ossaw.at\/wp-content\/uploads\/2016\/07\/OSSAW-logo-cirilica-page-001-2.jpg\",\"width\":1448,\"height\":1024,\"caption\":\"\u041e\u0441\u0441\u0438 - \u0411\u0435\u0447\"},\"image\":{\"@id\":\"https:\/\/www.ossaw.at\/#\/schema\/logo\/image\/\"},\"sameAs\":[\"https:\/\/www.facebook.com\/ossaw\",\"https:\/\/www.instagram.com\/ossa_wien\/\",\"https:\/\/www.linkedin.com\/company\/organisation-of-serbian-students-abroad---vienna\"]}]}<\/script>\n<!-- \/ Yoast SEO plugin. -->","yoast_head_json":{"title":"First, OSSAW - \u041eSSAW","robots":{"index":"index","follow":"follow","max-snippet":"max-snippet:-1","max-image-preview":"max-image-preview:large","max-video-preview":"max-video-preview:-1"},"canonical":"https:\/\/www.ossaw.at\/first-ossaw\/","og_locale":"de_DE","og_type":"article","og_title":"First, OSSAW - \u041eSSAW","og_url":"https:\/\/www.ossaw.at\/first-ossaw\/","og_site_name":"\u041eSSAW","article_publisher":"https:\/\/www.facebook.com\/ossaw","article_modified_time":"2013-11-23T01:08:58+00:00","og_image":[{"url":"http:\/\/ossaw.at\/wp-content\/uploads\/2013\/11\/Neue-Bitmap.bmp"}],"twitter_card":"summary_large_image","twitter_misc":{"Gesch\u00e4tzte Lesezeit":"2\u00a0Minuten"},"schema":{"@context":"https:\/\/schema.org","@graph":[{"@type":"WebPage","@id":"https:\/\/www.ossaw.at\/first-ossaw\/","url":"https:\/\/www.ossaw.at\/first-ossaw\/","name":"First, OSSAW - \u041eSSAW","isPartOf":{"@id":"https:\/\/www.ossaw.at\/#website"},"primaryImageOfPage":{"@id":"https:\/\/www.ossaw.at\/first-ossaw\/#primaryimage"},"image":{"@id":"https:\/\/www.ossaw.at\/first-ossaw\/#primaryimage"},"thumbnailUrl":"http:\/\/ossaw.at\/wp-content\/uploads\/2013\/11\/Neue-Bitmap.bmp","datePublished":"2013-11-18T06:37:08+00:00","dateModified":"2013-11-23T01:08:58+00:00","breadcrumb":{"@id":"https:\/\/www.ossaw.at\/first-ossaw\/#breadcrumb"},"inLanguage":"de","potentialAction":[{"@type":"ReadAction","target":["https:\/\/www.ossaw.at\/first-ossaw\/"]}]},{"@type":"ImageObject","inLanguage":"de","@id":"https:\/\/www.ossaw.at\/first-ossaw\/#primaryimage","url":"http:\/\/ossaw.at\/wp-content\/uploads\/2013\/11\/Neue-Bitmap.bmp","contentUrl":"http:\/\/ossaw.at\/wp-content\/uploads\/2013\/11\/Neue-Bitmap.bmp"},{"@type":"BreadcrumbList","@id":"https:\/\/www.ossaw.at\/first-ossaw\/#breadcrumb","itemListElement":[{"@type":"ListItem","position":1,"name":"\u041f\u043e\u0447\u0435\u0442\u043d\u0430","item":"https:\/\/www.ossaw.at\/"},{"@type":"ListItem","position":2,"name":"First, OSSAW"}]},{"@type":"WebSite","@id":"https:\/\/www.ossaw.at\/#website","url":"https:\/\/www.ossaw.at\/","name":"\u041eSSAW","description":"Organisation Serbischer Studenten im Ausland - Wien","publisher":{"@id":"https:\/\/www.ossaw.at\/#organization"},"potentialAction":[{"@type":"SearchAction","target":{"@type":"EntryPoint","urlTemplate":"https:\/\/www.ossaw.at\/?s={search_term_string}"},"query-input":{"@type":"PropertyValueSpecification","valueRequired":true,"valueName":"search_term_string"}}],"inLanguage":"de"},{"@type":"Organization","@id":"https:\/\/www.ossaw.at\/#organization","name":"\u041e\u0441\u0441\u0438 - \u0411\u0435\u0447","url":"https:\/\/www.ossaw.at\/","logo":{"@type":"ImageObject","inLanguage":"de","@id":"https:\/\/www.ossaw.at\/#\/schema\/logo\/image\/","url":"https:\/\/www.ossaw.at\/wp-content\/uploads\/2016\/07\/OSSAW-logo-cirilica-page-001-2.jpg","contentUrl":"https:\/\/www.ossaw.at\/wp-content\/uploads\/2016\/07\/OSSAW-logo-cirilica-page-001-2.jpg","width":1448,"height":1024,"caption":"\u041e\u0441\u0441\u0438 - \u0411\u0435\u0447"},"image":{"@id":"https:\/\/www.ossaw.at\/#\/schema\/logo\/image\/"},"sameAs":["https:\/\/www.facebook.com\/ossaw","https:\/\/www.instagram.com\/ossa_wien\/","https:\/\/www.linkedin.com\/company\/organisation-of-serbian-students-abroad---vienna"]}]}},"_links":{"self":[{"href":"https:\/\/www.ossaw.at\/de\/wp-json\/wp\/v2\/pages\/4422"}],"collection":[{"href":"https:\/\/www.ossaw.at\/de\/wp-json\/wp\/v2\/pages"}],"about":[{"href":"https:\/\/www.ossaw.at\/de\/wp-json\/wp\/v2\/types\/page"}],"author":[{"embeddable":true,"href":"https:\/\/www.ossaw.at\/de\/wp-json\/wp\/v2\/users\/25"}],"replies":[{"embeddable":true,"href":"https:\/\/www.ossaw.at\/de\/wp-json\/wp\/v2\/comments?post=4422"}],"version-history":[{"count":0,"href":"https:\/\/www.ossaw.at\/de\/wp-json\/wp\/v2\/pages\/4422\/revisions"}],"wp:attachment":[{"href":"https:\/\/www.ossaw.at\/de\/wp-json\/wp\/v2\/media?parent=4422"}],"curies":[{"name":"wp","href":"https:\/\/api.w.org\/{rel}","templated":true}]}}