{"id":4426,"date":"2013-11-18T06:41:47","date_gmt":"2013-11-18T06:41:47","guid":{"rendered":"http:\/\/ossaw.at\/?page_id=4426"},"modified":"2013-11-23T00:52:54","modified_gmt":"2013-11-22T23:52:54","slug":"support","status":"publish","type":"page","link":"https:\/\/www.ossaw.at\/de\/support\/","title":{"rendered":"Support"},"content":{"rendered":"<p>[vc_row][vc_column width=&#8221;1\/1&#8243;][vc_column_text]<font class=\"fp_sc_div fp_wf_Lato\" style=\" color: #000000 !important;\"><\/p>\n<p align=\"CENTER\"><strong>Ko podr\u017eava studiranje u inostranstvu?<\/strong><\/p>\n<p style=\"text-align: justify;\" align=\"JUSTIFY\">Odluka o studiranju u inostranstvu svakako predstavlja va\u017ean korak svake individue. Nebitno da li je re\u010d o be\u010delor, master ili doktorskim studijama, studirati u inostranstvu ne zna\u010di samo do\u0107i do jo\u0161 jedne diplome, ve\u0107 pro\u0107i kroz jo\u0161 jednu socijalizaciju, jer studenti upoznaju ne samo novi sistem (dr\u017eavni, obrazovni), nove kulture, pristupe nauci, jezike, kontakte, ve\u0107 i otkrivaju nove strane svoje li\u010dnosti pod ovim ne-tako-lakim okolnostima. S tim u vezi, po\u017eeljno je i potrebno da \u0161to ve\u0107i broj srpskih studenata odlazi na studije ili usavr\u0161avanje u inostranstvo. Jer \u0107e tako i dru\u0161tvo, u kojem \u0107e ovi kvalifikovani studenti jednog dana raditi i time doprinositi, mo\u0107i da postane otvorenije i naprednije. Ovo nije samo\u00a0<em>individualna investicija<\/em>, ve\u0107\u00a0<em>kolektivna<\/em>\u00a0tj. dru\u0161tvena!<\/p>\n<p style=\"text-align: justify;\" align=\"JUSTIFY\">Upravo zato jeste va\u017ena\u00a0<strong>podr\u0161ka \u2013\u00a0<\/strong>roditelja, prijatelja i ostalih, uslovno re\u010deno, va\u017enih osoba.\u00a0<em>Moralna podr\u0161ka<\/em>\u00a0jeste od neprocenjivog zna\u010daja, ali, na\u017ealost, nije dovoljna. Neophodna je i materijalna tj.\u00a0<em>finansijka podr\u0161ka<\/em>. Iz tih razloga dr\u017eava bi trebalo da podr\u017eava studente \u2013 pomo\u0107u\u00a0<em>stipendija<\/em>. Republika Srbija to i \u010dini, tj. \u2013\u00a0<strong>Ministarstvo za omladinu i sport<\/strong>\u00a0(<em>MOS<\/em>) \u2013stipendira svake godine vi\u0161e od 10 000 studenata. Va\u017eno je pomenuti potrebne\u00a0uslove za apliciranje na konkurs za stipendiju MOS-a\u00a0\u2013<strong>\u00a0Fonda za mlade talente ,,Dositeja\u2019\u2019<\/strong>: kao uslov, pored srpskog dr\u017eavljanstva, visoke prose\u010dne ocene itd., neophodno je da student ima status studenta iz Srbije, odnosno npr. Univerziteta u Beogradu! To zapravo zna\u010di da je stipendija dostupna\u00a0<em>samo onima koji bi nastavili studije<\/em>\u00a0(master ili doktorske) u inostranstvu tj. studentima koji su ve\u0107 zavr\u0161ili osnovne ili master studije u Srbiji! Tako\u0111e, jedan od uslova za ,,vra\u0107anje\u201d ove stipendije jeste vra\u0107anje u RS, po zavr\u0161etku stipendiranih studija, i radni odnos u RS minimum 5 godina. Name\u0107e se pitanje \u2013 \u0161ta je sa velikim brojem studenata koji su po\u010deli svoje (osnovne) studije u inostranstvu (nakon zavr\u0161ene srednje \u0161kole)?<\/p>\n<p style=\"text-align: justify;\" align=\"JUSTIFY\"><a name=\"_GoBack\"><\/a>Govore\u0107i konkretno o Austriji i Univerzitetu u Be\u010du, koji, po statistici (Tabela \u2013\u00a0<em>Studienservice und Lehrwesen<\/em>,\u00a0<em>UniWien<\/em>), studenti iz biv\u0161ih jugoslovenskih dr\u017eava rado i \u010desto biraju, postoji problem. Studenti iz Srbije, koji se odlu\u010de da po\u010dnu svoje\u00a0<em>osnovne studije<\/em>\u00a0na Univerzitetu u Be\u010du, kao potpun program tj. ne kao\u00a0<em>ERASMUS\u00a0<\/em>ili sli\u010dni programi, nemaju kao opciju ili mogu\u0107nost da apliciraju ni za jednu stipendiju! Tako\u0111e, oni koji su nastavili svoje master ili doktorske studije, kao ceo program, imaju kao mogu\u0107nost jedino da apliciraju za pomenutu stipendiju ,,Dositeja\u2019\u2019. Da li je ovo pitanje namenjeno samo otad\u017ebini \u2013 Srbiji ili i \u010desto biranoj destinaciji za dalje studije \u2013 Austriji? Sude\u0107i po broju studenata iz Srbije na Univerzitetu u Be\u010du, koji svakog semestra raste, odgovor na ovo pitanje treba \u0161to pre da ponude obe dr\u017eave.<\/p>\n<p align=\"RIGHT\">Medijski sektor \u2013 OSSI Be\u010d,<\/p>\n<p align=\"RIGHT\">Sandra Radovanovi\u0107<\/p>\n<p><\/font>[\/vc_column_text][\/vc_column][\/vc_row]<\/p>\n","protected":false},"excerpt":{"rendered":"<p>[vc_row][vc_column width=&#8221;1\/1&#8243;][vc_column_text][\/vc_column_text][\/vc_column][\/vc_row]<\/p>\n","protected":false},"author":25,"featured_media":0,"parent":0,"menu_order":0,"comment_status":"open","ping_status":"open","template":"","meta":{"footnotes":""},"yoast_head":"<!-- This site is optimized with the Yoast SEO plugin v23.5 - https:\/\/yoast.com\/wordpress\/plugins\/seo\/ -->\n<title>Support - \u041eSSAW<\/title>\n<meta name=\"robots\" content=\"index, follow, max-snippet:-1, max-image-preview:large, max-video-preview:-1\" \/>\n<link rel=\"canonical\" href=\"https:\/\/www.ossaw.at\/de\/support\/\" \/>\n<meta property=\"og:locale\" content=\"de_DE\" \/>\n<meta property=\"og:type\" content=\"article\" \/>\n<meta property=\"og:title\" content=\"Support - \u041eSSAW\" \/>\n<meta property=\"og:description\" content=\"[vc_row][vc_column width=&#8221;1\/1&#8243;][vc_column_text][\/vc_column_text][\/vc_column][\/vc_row]\" \/>\n<meta property=\"og:url\" content=\"https:\/\/www.ossaw.at\/de\/support\/\" \/>\n<meta property=\"og:site_name\" content=\"\u041eSSAW\" \/>\n<meta property=\"article:publisher\" content=\"https:\/\/www.facebook.com\/ossaw\" \/>\n<meta property=\"article:modified_time\" content=\"2013-11-22T23:52:54+00:00\" \/>\n<meta name=\"twitter:card\" content=\"summary_large_image\" \/>\n<meta name=\"twitter:label1\" content=\"Gesch\u00e4tzte Lesezeit\" \/>\n\t<meta name=\"twitter:data1\" content=\"3\u00a0Minuten\" \/>\n<script type=\"application\/ld+json\" class=\"yoast-schema-graph\">{\"@context\":\"https:\/\/schema.org\",\"@graph\":[{\"@type\":\"WebPage\",\"@id\":\"https:\/\/www.ossaw.at\/de\/support\/\",\"url\":\"https:\/\/www.ossaw.at\/de\/support\/\",\"name\":\"Support - \u041eSSAW\",\"isPartOf\":{\"@id\":\"https:\/\/www.ossaw.at\/#website\"},\"datePublished\":\"2013-11-18T06:41:47+00:00\",\"dateModified\":\"2013-11-22T23:52:54+00:00\",\"breadcrumb\":{\"@id\":\"https:\/\/www.ossaw.at\/de\/support\/#breadcrumb\"},\"inLanguage\":\"de\",\"potentialAction\":[{\"@type\":\"ReadAction\",\"target\":[\"https:\/\/www.ossaw.at\/de\/support\/\"]}]},{\"@type\":\"BreadcrumbList\",\"@id\":\"https:\/\/www.ossaw.at\/de\/support\/#breadcrumb\",\"itemListElement\":[{\"@type\":\"ListItem\",\"position\":1,\"name\":\"\u041f\u043e\u0447\u0435\u0442\u043d\u0430\",\"item\":\"https:\/\/www.ossaw.at\/\"},{\"@type\":\"ListItem\",\"position\":2,\"name\":\"Support\"}]},{\"@type\":\"WebSite\",\"@id\":\"https:\/\/www.ossaw.at\/#website\",\"url\":\"https:\/\/www.ossaw.at\/\",\"name\":\"\u041eSSAW\",\"description\":\"Organisation Serbischer Studenten im Ausland - Wien\",\"publisher\":{\"@id\":\"https:\/\/www.ossaw.at\/#organization\"},\"potentialAction\":[{\"@type\":\"SearchAction\",\"target\":{\"@type\":\"EntryPoint\",\"urlTemplate\":\"https:\/\/www.ossaw.at\/?s={search_term_string}\"},\"query-input\":{\"@type\":\"PropertyValueSpecification\",\"valueRequired\":true,\"valueName\":\"search_term_string\"}}],\"inLanguage\":\"de\"},{\"@type\":\"Organization\",\"@id\":\"https:\/\/www.ossaw.at\/#organization\",\"name\":\"\u041e\u0441\u0441\u0438 - \u0411\u0435\u0447\",\"url\":\"https:\/\/www.ossaw.at\/\",\"logo\":{\"@type\":\"ImageObject\",\"inLanguage\":\"de\",\"@id\":\"https:\/\/www.ossaw.at\/#\/schema\/logo\/image\/\",\"url\":\"https:\/\/www.ossaw.at\/wp-content\/uploads\/2016\/07\/OSSAW-logo-cirilica-page-001-2.jpg\",\"contentUrl\":\"https:\/\/www.ossaw.at\/wp-content\/uploads\/2016\/07\/OSSAW-logo-cirilica-page-001-2.jpg\",\"width\":1448,\"height\":1024,\"caption\":\"\u041e\u0441\u0441\u0438 - \u0411\u0435\u0447\"},\"image\":{\"@id\":\"https:\/\/www.ossaw.at\/#\/schema\/logo\/image\/\"},\"sameAs\":[\"https:\/\/www.facebook.com\/ossaw\",\"https:\/\/www.instagram.com\/ossa_wien\/\",\"https:\/\/www.linkedin.com\/company\/organisation-of-serbian-students-abroad---vienna\"]}]}<\/script>\n<!-- \/ Yoast SEO plugin. -->","yoast_head_json":{"title":"Support - \u041eSSAW","robots":{"index":"index","follow":"follow","max-snippet":"max-snippet:-1","max-image-preview":"max-image-preview:large","max-video-preview":"max-video-preview:-1"},"canonical":"https:\/\/www.ossaw.at\/de\/support\/","og_locale":"de_DE","og_type":"article","og_title":"Support - \u041eSSAW","og_description":"[vc_row][vc_column width=&#8221;1\/1&#8243;][vc_column_text][\/vc_column_text][\/vc_column][\/vc_row]","og_url":"https:\/\/www.ossaw.at\/de\/support\/","og_site_name":"\u041eSSAW","article_publisher":"https:\/\/www.facebook.com\/ossaw","article_modified_time":"2013-11-22T23:52:54+00:00","twitter_card":"summary_large_image","twitter_misc":{"Gesch\u00e4tzte Lesezeit":"3\u00a0Minuten"},"schema":{"@context":"https:\/\/schema.org","@graph":[{"@type":"WebPage","@id":"https:\/\/www.ossaw.at\/de\/support\/","url":"https:\/\/www.ossaw.at\/de\/support\/","name":"Support - \u041eSSAW","isPartOf":{"@id":"https:\/\/www.ossaw.at\/#website"},"datePublished":"2013-11-18T06:41:47+00:00","dateModified":"2013-11-22T23:52:54+00:00","breadcrumb":{"@id":"https:\/\/www.ossaw.at\/de\/support\/#breadcrumb"},"inLanguage":"de","potentialAction":[{"@type":"ReadAction","target":["https:\/\/www.ossaw.at\/de\/support\/"]}]},{"@type":"BreadcrumbList","@id":"https:\/\/www.ossaw.at\/de\/support\/#breadcrumb","itemListElement":[{"@type":"ListItem","position":1,"name":"\u041f\u043e\u0447\u0435\u0442\u043d\u0430","item":"https:\/\/www.ossaw.at\/"},{"@type":"ListItem","position":2,"name":"Support"}]},{"@type":"WebSite","@id":"https:\/\/www.ossaw.at\/#website","url":"https:\/\/www.ossaw.at\/","name":"\u041eSSAW","description":"Organisation Serbischer Studenten im Ausland - Wien","publisher":{"@id":"https:\/\/www.ossaw.at\/#organization"},"potentialAction":[{"@type":"SearchAction","target":{"@type":"EntryPoint","urlTemplate":"https:\/\/www.ossaw.at\/?s={search_term_string}"},"query-input":{"@type":"PropertyValueSpecification","valueRequired":true,"valueName":"search_term_string"}}],"inLanguage":"de"},{"@type":"Organization","@id":"https:\/\/www.ossaw.at\/#organization","name":"\u041e\u0441\u0441\u0438 - \u0411\u0435\u0447","url":"https:\/\/www.ossaw.at\/","logo":{"@type":"ImageObject","inLanguage":"de","@id":"https:\/\/www.ossaw.at\/#\/schema\/logo\/image\/","url":"https:\/\/www.ossaw.at\/wp-content\/uploads\/2016\/07\/OSSAW-logo-cirilica-page-001-2.jpg","contentUrl":"https:\/\/www.ossaw.at\/wp-content\/uploads\/2016\/07\/OSSAW-logo-cirilica-page-001-2.jpg","width":1448,"height":1024,"caption":"\u041e\u0441\u0441\u0438 - \u0411\u0435\u0447"},"image":{"@id":"https:\/\/www.ossaw.at\/#\/schema\/logo\/image\/"},"sameAs":["https:\/\/www.facebook.com\/ossaw","https:\/\/www.instagram.com\/ossa_wien\/","https:\/\/www.linkedin.com\/company\/organisation-of-serbian-students-abroad---vienna"]}]}},"_links":{"self":[{"href":"https:\/\/www.ossaw.at\/de\/wp-json\/wp\/v2\/pages\/4426"}],"collection":[{"href":"https:\/\/www.ossaw.at\/de\/wp-json\/wp\/v2\/pages"}],"about":[{"href":"https:\/\/www.ossaw.at\/de\/wp-json\/wp\/v2\/types\/page"}],"author":[{"embeddable":true,"href":"https:\/\/www.ossaw.at\/de\/wp-json\/wp\/v2\/users\/25"}],"replies":[{"embeddable":true,"href":"https:\/\/www.ossaw.at\/de\/wp-json\/wp\/v2\/comments?post=4426"}],"version-history":[{"count":0,"href":"https:\/\/www.ossaw.at\/de\/wp-json\/wp\/v2\/pages\/4426\/revisions"}],"wp:attachment":[{"href":"https:\/\/www.ossaw.at\/de\/wp-json\/wp\/v2\/media?parent=4426"}],"curies":[{"name":"wp","href":"https:\/\/api.w.org\/{rel}","templated":true}]}}