{"id":5693,"date":"2014-05-24T23:28:32","date_gmt":"2014-05-24T21:28:32","guid":{"rendered":"http:\/\/ossaw.at\/?page_id=5693"},"modified":"2014-05-24T23:34:00","modified_gmt":"2014-05-24T21:34:00","slug":"flutopfer-spenden","status":"publish","type":"page","link":"https:\/\/www.ossaw.at\/de\/flutopfer-spenden\/","title":{"rendered":"WO SIE IN WIEN F\u00dcR DIE FLUTOPFER SPENDEN K\u00d6NNEN"},"content":{"rendered":"<p><strong>F\u00dcR BOSNIEN UND HERZEGOWINA:<\/strong><\/p>\n<p>a) Aktion der Muslimischen Jugend \u00d6sterreich (MJ\u00d6) \u201eSpende an Bosnien\u201c vom 23. bis zum 25. Mai:<\/p>\n<ul>\n<li>MJ\u00d6-B\u00fcros , M\u00e4rzstra\u00dfe 100\/1, 1150 Wien; von 14 bis 20 Uhr<\/li>\n<li>Anas-Schakfeh-Stiftung, Eitnergasse 6\/5, 1230 Wien; von 14 bis 20 Uhr<\/li>\n<\/ul>\n<p>b) Humanit\u00e4re Aktion \u201eBe\u010d za Bosnu\u201d, Bosniaken Wiens gemeinsam f\u00fcr Bosnien, 24 Mai:<\/p>\n<ul>\n<li>Islamisches Zentrum Wien, Am Bruckhaufen 3a, 1210 Wien (Kontakt: 0699 190 72 388, 0699 114 99 499); von 10.30 bis 20.30 Uhr<\/li>\n<\/ul>\n<p>c) Kroatische Katholische Mission (f\u00fcr Bosnien und Herzegowina): Rasumovskygasse 2, 1030 Wien (im Erdgeschoss in den gesch\u00e4ftlichen R\u00e4umlichkeiten); t\u00e4glich ab 17 Uhr<br \/>\nd) Belaj Boys Klub: To\u00dfgasse 11, 1150 Wien; t\u00e4glich ab 16 Uhr<br \/>\ne) Hilfsaktion f\u00fcr Flutopfer in Bosnien und Herzegowina: von 19. Bis zum 30. Mai &#8211; Samariterbund, Pillergasse 1150 Wien; von 8.00 bis 18.00 Uhr<br \/>\nf) Aktion der Lauder Business School (LBS) \u201eLBS for Bosnia &amp; Serbia\u201c: Lauder Business School, Hofzeile 18-20, 1190 Wien; t\u00e4glich von 11-15 Uhr (nur noch heute, am Freitag!!!)<br \/>\ng) Aktion \u201eHilfe kennt keine Grenzen \u2013 Helfen wir den Flutopfern in Bosnien und Herzewgowina, Serbien und Kroatien\u201c; Kontakt \u2013 0660 4100 950<\/p>\n<p>&nbsp;<\/p>\n<p><strong>F\u00dcR KROATIEN:<\/strong><\/p>\n<p>a) Spendenaktion Verein Kroatischer Unternehmen: Friedrich Schillerstra\u00dfe 98-100, 2340 M\u00f6dling. Kontakt: www.uhpa.at ; 0664 4234 515 (0-24 Uhr); t\u00e4glich von 0-24 Uhr<br \/>\nb) Aktion \u201ePomozimo\u201c, KUD-\u0160okadija: Lindauergasse 16, 1160 Wien; t\u00e4glich von 08.00 bis 22.00 Uhr<br \/>\nc) Aktion \u201eHilfe kennt keine Grenzen \u2013 Helfen wir den Flutopfern in Bosnien und Herzegowina, Serbien und Kroatien\u201c; Kontakt \u2013 0660 4100 950<\/p>\n<p>&nbsp;<br \/>\n<strong>F\u00dcR SERBIEN:<\/strong><\/p>\n<p>a) Aktion \u201eZusammen f\u00fcr Serbien und Srpska\u201c, bis zum 25.05.2014<\/p>\n<ul>\n<li>Dachverband serbischer Vereine in Wien \u2013 Gudrunstra\u00dfe 133b, 1100 Wien; t\u00e4glich von 16-22 Uhr<\/li>\n<li>Stadion SK 08 Kaiserbebersdorf , Zinnergasse\/Ecke Klebindergasse, 1110 Wien; t\u00e4glich von 16-22 Uhr<\/li>\n<li>Untere Augartenstra\u00dfe 31, Kraftgasse 5 (Autozufahrt), Zugang durch Studentenheim, 1020 Wien; t\u00e4glich von 9 bis 22 Uhr<\/li>\n<li>KUD Bambi Ottakring, Lorenz Mandl-Gasse\/Ecke Wiesberggasse, 1160 Wien; t\u00e4glich von 10 bis 20 Uhr<\/li>\n<li>Samariterbund, Raffaelgasse 9, 1200 Wien; t\u00e4glich von 8-20 Uhr<\/li>\n<\/ul>\n<p>b) Aktion der Lauder Business School (LBS) \u201eLBS for Bosnia &amp; Serbia\u201c: t\u00e4glich von 11-15 Uhr (nur noch heute, am Freitag!!!), Lauder Business School, Hofzeile 18-20, 1190 Wien<br \/>\nc) Aktion \u201eHilfe kennt keine Grenzen \u2013 Helfen wir den Flutopfern in Bosnien und Herzegowina, Serbien und Kroatien\u201c; Kontakt \u2013 0660 4100 950<br \/>\nQuellen: <a href=\"http:\/\/www.kosmo.at\/\">kosmo<\/a>, <a href=\"https:\/\/www.facebook.com\/zajednozasrbijuisrpsku\">zajednoaustrija<\/a><\/p>\n","protected":false},"excerpt":{"rendered":"<p>F\u00dcR BOSNIEN UND HERZEGOWINA: a) Aktion der Muslimischen Jugend \u00d6sterreich (MJ\u00d6) \u201eSpende an Bosnien\u201c vom 23. bis zum 25. Mai: MJ\u00d6-B\u00fcros , M\u00e4rzstra\u00dfe 100\/1, 1150 Wien; von 14 bis 20 Uhr Anas-Schakfeh-Stiftung, Eitnergasse 6\/5, 1230 Wien; von 14 bis 20 Uhr b) Humanit\u00e4re Aktion \u201eBe\u010d za Bosnu\u201d, Bosniaken Wiens gemeinsam f\u00fcr Bosnien, 24 Mai: Islamisches [&hellip;]<\/p>\n","protected":false},"author":25,"featured_media":0,"parent":0,"menu_order":0,"comment_status":"open","ping_status":"open","template":"","meta":{"footnotes":""},"yoast_head":"<!-- This site is optimized with the Yoast SEO plugin v23.5 - https:\/\/yoast.com\/wordpress\/plugins\/seo\/ -->\n<title>WO SIE IN WIEN F\u00dcR DIE FLUTOPFER SPENDEN K\u00d6NNEN - \u041eSSAW<\/title>\n<meta name=\"robots\" content=\"index, follow, max-snippet:-1, max-image-preview:large, max-video-preview:-1\" \/>\n<link rel=\"canonical\" href=\"https:\/\/www.ossaw.at\/flutopfer-spenden\/\" \/>\n<meta property=\"og:locale\" content=\"de_DE\" \/>\n<meta property=\"og:type\" content=\"article\" \/>\n<meta property=\"og:title\" content=\"WO SIE IN WIEN F\u00dcR DIE FLUTOPFER SPENDEN K\u00d6NNEN - \u041eSSAW\" \/>\n<meta property=\"og:description\" content=\"F\u00dcR BOSNIEN UND HERZEGOWINA: a) Aktion der Muslimischen Jugend \u00d6sterreich (MJ\u00d6) \u201eSpende an Bosnien\u201c vom 23. bis zum 25. Mai: MJ\u00d6-B\u00fcros , M\u00e4rzstra\u00dfe 100\/1, 1150 Wien; von 14 bis 20 Uhr Anas-Schakfeh-Stiftung, Eitnergasse 6\/5, 1230 Wien; von 14 bis 20 Uhr b) Humanit\u00e4re Aktion \u201eBe\u010d za Bosnu\u201d, Bosniaken Wiens gemeinsam f\u00fcr Bosnien, 24 Mai: Islamisches [&hellip;]\" \/>\n<meta property=\"og:url\" content=\"https:\/\/www.ossaw.at\/flutopfer-spenden\/\" \/>\n<meta property=\"og:site_name\" content=\"\u041eSSAW\" \/>\n<meta property=\"article:publisher\" content=\"https:\/\/www.facebook.com\/ossaw\" \/>\n<meta property=\"article:modified_time\" content=\"2014-05-24T21:34:00+00:00\" \/>\n<meta name=\"twitter:card\" content=\"summary_large_image\" \/>\n<meta name=\"twitter:label1\" content=\"Gesch\u00e4tzte Lesezeit\" \/>\n\t<meta name=\"twitter:data1\" content=\"2\u00a0Minuten\" \/>\n<script type=\"application\/ld+json\" class=\"yoast-schema-graph\">{\"@context\":\"https:\/\/schema.org\",\"@graph\":[{\"@type\":\"WebPage\",\"@id\":\"https:\/\/www.ossaw.at\/flutopfer-spenden\/\",\"url\":\"https:\/\/www.ossaw.at\/flutopfer-spenden\/\",\"name\":\"WO SIE IN WIEN F\u00dcR DIE FLUTOPFER SPENDEN K\u00d6NNEN - \u041eSSAW\",\"isPartOf\":{\"@id\":\"https:\/\/www.ossaw.at\/#website\"},\"datePublished\":\"2014-05-24T21:28:32+00:00\",\"dateModified\":\"2014-05-24T21:34:00+00:00\",\"breadcrumb\":{\"@id\":\"https:\/\/www.ossaw.at\/flutopfer-spenden\/#breadcrumb\"},\"inLanguage\":\"de\",\"potentialAction\":[{\"@type\":\"ReadAction\",\"target\":[\"https:\/\/www.ossaw.at\/flutopfer-spenden\/\"]}]},{\"@type\":\"BreadcrumbList\",\"@id\":\"https:\/\/www.ossaw.at\/flutopfer-spenden\/#breadcrumb\",\"itemListElement\":[{\"@type\":\"ListItem\",\"position\":1,\"name\":\"\u041f\u043e\u0447\u0435\u0442\u043d\u0430\",\"item\":\"https:\/\/www.ossaw.at\/\"},{\"@type\":\"ListItem\",\"position\":2,\"name\":\"WO SIE IN WIEN F\u00dcR DIE FLUTOPFER SPENDEN K\u00d6NNEN\"}]},{\"@type\":\"WebSite\",\"@id\":\"https:\/\/www.ossaw.at\/#website\",\"url\":\"https:\/\/www.ossaw.at\/\",\"name\":\"\u041eSSAW\",\"description\":\"Organisation Serbischer Studenten im Ausland - Wien\",\"publisher\":{\"@id\":\"https:\/\/www.ossaw.at\/#organization\"},\"potentialAction\":[{\"@type\":\"SearchAction\",\"target\":{\"@type\":\"EntryPoint\",\"urlTemplate\":\"https:\/\/www.ossaw.at\/?s={search_term_string}\"},\"query-input\":{\"@type\":\"PropertyValueSpecification\",\"valueRequired\":true,\"valueName\":\"search_term_string\"}}],\"inLanguage\":\"de\"},{\"@type\":\"Organization\",\"@id\":\"https:\/\/www.ossaw.at\/#organization\",\"name\":\"\u041e\u0441\u0441\u0438 - \u0411\u0435\u0447\",\"url\":\"https:\/\/www.ossaw.at\/\",\"logo\":{\"@type\":\"ImageObject\",\"inLanguage\":\"de\",\"@id\":\"https:\/\/www.ossaw.at\/#\/schema\/logo\/image\/\",\"url\":\"https:\/\/www.ossaw.at\/wp-content\/uploads\/2016\/07\/OSSAW-logo-cirilica-page-001-2.jpg\",\"contentUrl\":\"https:\/\/www.ossaw.at\/wp-content\/uploads\/2016\/07\/OSSAW-logo-cirilica-page-001-2.jpg\",\"width\":1448,\"height\":1024,\"caption\":\"\u041e\u0441\u0441\u0438 - \u0411\u0435\u0447\"},\"image\":{\"@id\":\"https:\/\/www.ossaw.at\/#\/schema\/logo\/image\/\"},\"sameAs\":[\"https:\/\/www.facebook.com\/ossaw\",\"https:\/\/www.instagram.com\/ossa_wien\/\",\"https:\/\/www.linkedin.com\/company\/organisation-of-serbian-students-abroad---vienna\"]}]}<\/script>\n<!-- \/ Yoast SEO plugin. -->","yoast_head_json":{"title":"WO SIE IN WIEN F\u00dcR DIE FLUTOPFER SPENDEN K\u00d6NNEN - \u041eSSAW","robots":{"index":"index","follow":"follow","max-snippet":"max-snippet:-1","max-image-preview":"max-image-preview:large","max-video-preview":"max-video-preview:-1"},"canonical":"https:\/\/www.ossaw.at\/flutopfer-spenden\/","og_locale":"de_DE","og_type":"article","og_title":"WO SIE IN WIEN F\u00dcR DIE FLUTOPFER SPENDEN K\u00d6NNEN - \u041eSSAW","og_description":"F\u00dcR BOSNIEN UND HERZEGOWINA: a) Aktion der Muslimischen Jugend \u00d6sterreich (MJ\u00d6) \u201eSpende an Bosnien\u201c vom 23. bis zum 25. Mai: MJ\u00d6-B\u00fcros , M\u00e4rzstra\u00dfe 100\/1, 1150 Wien; von 14 bis 20 Uhr Anas-Schakfeh-Stiftung, Eitnergasse 6\/5, 1230 Wien; von 14 bis 20 Uhr b) Humanit\u00e4re Aktion \u201eBe\u010d za Bosnu\u201d, Bosniaken Wiens gemeinsam f\u00fcr Bosnien, 24 Mai: Islamisches [&hellip;]","og_url":"https:\/\/www.ossaw.at\/flutopfer-spenden\/","og_site_name":"\u041eSSAW","article_publisher":"https:\/\/www.facebook.com\/ossaw","article_modified_time":"2014-05-24T21:34:00+00:00","twitter_card":"summary_large_image","twitter_misc":{"Gesch\u00e4tzte Lesezeit":"2\u00a0Minuten"},"schema":{"@context":"https:\/\/schema.org","@graph":[{"@type":"WebPage","@id":"https:\/\/www.ossaw.at\/flutopfer-spenden\/","url":"https:\/\/www.ossaw.at\/flutopfer-spenden\/","name":"WO SIE IN WIEN F\u00dcR DIE FLUTOPFER SPENDEN K\u00d6NNEN - \u041eSSAW","isPartOf":{"@id":"https:\/\/www.ossaw.at\/#website"},"datePublished":"2014-05-24T21:28:32+00:00","dateModified":"2014-05-24T21:34:00+00:00","breadcrumb":{"@id":"https:\/\/www.ossaw.at\/flutopfer-spenden\/#breadcrumb"},"inLanguage":"de","potentialAction":[{"@type":"ReadAction","target":["https:\/\/www.ossaw.at\/flutopfer-spenden\/"]}]},{"@type":"BreadcrumbList","@id":"https:\/\/www.ossaw.at\/flutopfer-spenden\/#breadcrumb","itemListElement":[{"@type":"ListItem","position":1,"name":"\u041f\u043e\u0447\u0435\u0442\u043d\u0430","item":"https:\/\/www.ossaw.at\/"},{"@type":"ListItem","position":2,"name":"WO SIE IN WIEN F\u00dcR DIE FLUTOPFER SPENDEN K\u00d6NNEN"}]},{"@type":"WebSite","@id":"https:\/\/www.ossaw.at\/#website","url":"https:\/\/www.ossaw.at\/","name":"\u041eSSAW","description":"Organisation Serbischer Studenten im Ausland - Wien","publisher":{"@id":"https:\/\/www.ossaw.at\/#organization"},"potentialAction":[{"@type":"SearchAction","target":{"@type":"EntryPoint","urlTemplate":"https:\/\/www.ossaw.at\/?s={search_term_string}"},"query-input":{"@type":"PropertyValueSpecification","valueRequired":true,"valueName":"search_term_string"}}],"inLanguage":"de"},{"@type":"Organization","@id":"https:\/\/www.ossaw.at\/#organization","name":"\u041e\u0441\u0441\u0438 - \u0411\u0435\u0447","url":"https:\/\/www.ossaw.at\/","logo":{"@type":"ImageObject","inLanguage":"de","@id":"https:\/\/www.ossaw.at\/#\/schema\/logo\/image\/","url":"https:\/\/www.ossaw.at\/wp-content\/uploads\/2016\/07\/OSSAW-logo-cirilica-page-001-2.jpg","contentUrl":"https:\/\/www.ossaw.at\/wp-content\/uploads\/2016\/07\/OSSAW-logo-cirilica-page-001-2.jpg","width":1448,"height":1024,"caption":"\u041e\u0441\u0441\u0438 - \u0411\u0435\u0447"},"image":{"@id":"https:\/\/www.ossaw.at\/#\/schema\/logo\/image\/"},"sameAs":["https:\/\/www.facebook.com\/ossaw","https:\/\/www.instagram.com\/ossa_wien\/","https:\/\/www.linkedin.com\/company\/organisation-of-serbian-students-abroad---vienna"]}]}},"_links":{"self":[{"href":"https:\/\/www.ossaw.at\/de\/wp-json\/wp\/v2\/pages\/5693"}],"collection":[{"href":"https:\/\/www.ossaw.at\/de\/wp-json\/wp\/v2\/pages"}],"about":[{"href":"https:\/\/www.ossaw.at\/de\/wp-json\/wp\/v2\/types\/page"}],"author":[{"embeddable":true,"href":"https:\/\/www.ossaw.at\/de\/wp-json\/wp\/v2\/users\/25"}],"replies":[{"embeddable":true,"href":"https:\/\/www.ossaw.at\/de\/wp-json\/wp\/v2\/comments?post=5693"}],"version-history":[{"count":0,"href":"https:\/\/www.ossaw.at\/de\/wp-json\/wp\/v2\/pages\/5693\/revisions"}],"wp:attachment":[{"href":"https:\/\/www.ossaw.at\/de\/wp-json\/wp\/v2\/media?parent=5693"}],"curies":[{"name":"wp","href":"https:\/\/api.w.org\/{rel}","templated":true}]}}