{"id":6363,"date":"2015-10-21T23:36:52","date_gmt":"2015-10-21T21:36:52","guid":{"rendered":"http:\/\/ossaw.at\/?page_id=6363"},"modified":"2018-12-25T17:04:29","modified_gmt":"2018-12-25T16:04:29","slug":"prijavljivanje-predmeta","status":"publish","type":"page","link":"https:\/\/www.ossaw.at\/de\/uni-wien\/prijavljivanje-predmeta\/","title":{"rendered":"Prijavljivanje predmeta"},"content":{"rendered":"<p><\/p>\n<p style=\"text-align: left;\" align=\"center\"><font class=\"fp_sc_div fp_wf_Lato\" style=\" color: #000000 !important;\"><\/p>\n<p style=\"text-align: center;\" align=\"center\"><img fetchpriority=\"high\" decoding=\"async\" class=\" wp-image-4551 aligncenter\" alt=\"SJB\" src=\"http:\/\/ossaw.at\/wp-content\/uploads\/2013\/10\/wien_GER.png\" width=\"376\" height=\"161\" \/><\/p>\n<p align=\"center\"><b>Prijavljivanje predmeta<\/b><\/p>\n<p>&nbsp;<\/p>\n<p>Kada se kona\u010dno upi\u0161ete na Univerzitet u Be\u010du (<i>UniWien<\/i>), sledi prijava predavanja, ve\u017ebi i seminara. Na Univerzitetu u Be\u010du, pored najlak\u0161eg na\u010dina kada kliknete na naziv predmeta i potvrdite prijavu (preko <i>Moodle<\/i> platforme na primer), postoje jo\u0161 dva na\u010dina prijavljivanja: licitiranje i sistem preference\/loto.<\/p>\n<ul>\n<li><i>Licitiranje<\/i><span style=\"font-family: inherit; font-size: inherit; font-weight: inherit; line-height: 1.6;\">\u00a0<\/span><\/li>\n<\/ul>\n<p>Svakog semestra, student dobije 1000 poena koje treba da dodeli onim predmetima koje \u017eeli da slu\u0161a tog semestra. Do mogu\u0107ih komplikacija mo\u017ee do\u0107i kada zbog velikog broja zainteresovanih, studenti ne mogu da upi\u0161u \u017eeljeni kurs. Na\u010din prijave predmeta putem licitiranja je najbolje objasniti slede\u0107im primerom.<\/p>\n<p>Naime, student \u017eeli da slu\u0161a 4 predavanja\/ve\u017ebi\/seminara u odre\u0111enom semestru, a ne zna kako da rasporedi 1000 poena. Prvo \u0161to mora da uradi jeste da prati koliko se studenata prijavilo za taj predmet i da proveru ponovi desetak minuta pred kraj prijavljivanja, jer se mnogi prijavljuju u poslednjem trenutku, iako je rok nedelju dana.<\/p>\n<p>Na primer, za prvi predmet se prijavilo 18 studenata, a najvi\u0161e mo\u017ee prisustvovati 25. Tu je ve\u0107 problem re\u0161en, jer koliko god poena da dodeli, upisa\u0107e taj kurs. To bi zna\u010dilo da mo\u017ee da stavi 0 ili 1 poen. Drugi predmet je, na primer, tzv. <i>VO<\/i> tj. predavanje gde mo\u017ee prisustvovati neograni\u010den broj studenata. Tu se ni ne dodeljuju poeni, tako da studentu preostaje 999 poena za 2 ispita. Za jedan od ta dva predmeta se prijavilo 53 studenta, a primaju 25, dok se za drugi prijavilo 31, a primaju najvi\u0161e 20.<\/p>\n<p>Da bi dobro rasporedio poene i upao na oba predmeta, mora se sve uzeti u obzir, ali i dodati malo matematike i logike. Mnogi studenti bi dodelili po 500 poena u ovom slu\u010daju (ako za onaj prvi stavi nula), ne znaju\u0107i da tako mo\u017eda ne\u0107e upasti. Na\u0161 predlog je slede\u0107i: za tre\u0107i predmet staviti 688 poena, a za \u010detvrti 311 (ako smo za onaj prvi stavili 1).<\/p>\n<p>Obja\u0161njenje: po\u0161to se za tre\u0107i predmet prijavilo vi\u0161e nego duplo studenata, a za drugi 50% vi\u0161e od broja koji primaju, otprilike bi odnos poena trebalo da bude 700:300. Ali, po\u0161to bi mnogi studenti uradili upravo tako, mi \u0107emo staviti koji poen vi\u0161e od 300, da bismo tako osigurali mesto na kursu, a sve ostalo dodeliti tre\u0107em predmetu, jer je 688 poena sasvim dovoljno za prolaz u ovom slu\u010daju. Ako se budete vodili ovim primerom kada prijavljujete predmete, verovatno \u0107ete u ve\u0107ini slu\u010dajeva upasti na \u017eeljene kurseve.<\/p>\n<p>Koraci u prijavljivanju za obja\u0161njeni sistem se tako\u0111e mogu na\u0107i na slede\u0107oj stranici: <a href=\"http:\/\/www.studentpoint.univie.ac.at\/durchs-studium\/anmeldesystem\/punktesystem\/#c283115\">www.studentpoint.univie.ac.at\/durchs-studium\/anmeldesystem\/punktesystem\/#c283115<\/a><\/p>\n<ul>\n<li>Sistem preference\/loto<\/li>\n<\/ul>\n<p>Ukoliko je jedna (ista) ve\u017eba\/seminar ponu\u0111ena u vi\u0161e termina, naj\u010de\u0161\u0107e se za njih prijavljuje preko sistema preference. To zna\u010di da na <a href=\"http:\/\/www.univis.univie.ac.at\/\">www.univis.univie.ac.at<\/a> izaberete jednu ve\u017ebu\/seminar u terminu koji vama najvi\u0161e odgovara. Pritom, sistem \u0107e vam izbaciti listu istih ve\u017ebi\/seminara u drugim terminima, sa koje vi birate redom po sistemu preference ve\u017ebe\/seminare koji vam odgovaraju.<\/p>\n<p>Time ste napravili sebi listu termina, na kojoj onaj prvi izabrani termin predstavlja termin koji vam najvi\u0161e odgovara. U tom slu\u010daju, na kraju roka za prijavu, dobija se obave\u0161tenje\u00a0 na koji ste termin primljeni, ili da li ste uop\u0161te dobili mesto na ve\u017ebi\/seminaru.<\/p>\n<p>Ako niste dobili mesto u terminu koji je bio va\u0161a prva preferenca, na <i>univis<\/i> platformi stoji koje ste mesto na listi \u010dekanja. Ako ste dobili tek va\u0161u tre\u0107u ili \u010detvrtu preferencu, tako\u0111e na <i>univis<\/i> platformi stoji koje ste mesto na pomenutoj listi, te po tome mo\u017eete oti\u0107i na ve\u017ebe na kojima ste na povoljnom mestu, i videti da li osobe koje su dobile mesto ili stoje na listi \u010dekanja ispred vas nisu mo\u017eda odustale od tog termina.<\/p>\n<p>De\u0161ava se da neko bude na listi \u010dekanja broj 40 i da opet dobije mesto na toj ve\u017ebi\/seminaru (to je zato \u0161to se svih npr. 200 ljudi, kojima je potrebna ta ve\u017eba, prijave na sve termine, pa se napravi gu\u017eva na listi, ali ne zna\u010di da su svi zainteresovani ba\u0161 za tu ve\u017ebu). U svakom slu\u010daju ste mesto dobili tek kada odete na prvi \u010das ve\u017ebe\/seminara i potvrdite mesto va\u0161im prisustvom.<\/p>\n<p>Ukoliko propustite prvi \u010das, profesori uzimaju u obzir da ste odustali od tog termina.<\/p>\n<p>Koraci u prijavljivanju za obja\u0161njeni sistem se takodje mogu na\u0107i na ovoj stranici:<\/p>\n<p><a href=\"http:\/\/studentpoint.univie.ac.at\/durchs-studium\/anmeldesystem\/praeferenzsystem\/#c283124\">http:\/\/studentpoint.univie.ac.at\/durchs-studium\/anmeldesystem\/praeferenzsystem\/#c283124<\/a><\/p>\n<p align=\"right\">Sre\u0107no!<\/p>\n<p>&nbsp;<\/p>\n<p align=\"right\">Novinarski tim \u2013 OSSI Be\u010d,<\/p>\n<p align=\"right\">Vesna \u0160piri\u0107 i Mia Ili\u0107<\/p>\n<p>&nbsp;<\/p>\n<p align=\"center\"><b>\u00a0<\/font><\/b><\/p>\n<p align=\"center\">\n<p><\/p>","protected":false},"excerpt":{"rendered":"","protected":false},"author":25,"featured_media":0,"parent":4388,"menu_order":0,"comment_status":"closed","ping_status":"closed","template":"","meta":{"footnotes":""},"yoast_head":"<!-- This site is optimized with the Yoast SEO plugin v23.5 - https:\/\/yoast.com\/wordpress\/plugins\/seo\/ -->\n<title>Prijavljivanje predmeta - \u041eSSAW<\/title>\n<meta name=\"robots\" content=\"index, follow, max-snippet:-1, max-image-preview:large, max-video-preview:-1\" \/>\n<link rel=\"canonical\" href=\"https:\/\/www.ossaw.at\/uni-wien\/prijavljivanje-predmeta\/\" \/>\n<meta property=\"og:locale\" content=\"de_DE\" \/>\n<meta property=\"og:type\" content=\"article\" \/>\n<meta property=\"og:title\" content=\"Prijavljivanje predmeta - \u041eSSAW\" \/>\n<meta property=\"og:url\" content=\"https:\/\/www.ossaw.at\/uni-wien\/prijavljivanje-predmeta\/\" \/>\n<meta property=\"og:site_name\" content=\"\u041eSSAW\" \/>\n<meta property=\"article:publisher\" content=\"https:\/\/www.facebook.com\/ossaw\" \/>\n<meta property=\"article:modified_time\" content=\"2018-12-25T16:04:29+00:00\" \/>\n<meta property=\"og:image\" content=\"http:\/\/ossaw.at\/wp-content\/uploads\/2013\/10\/wien_GER.png\" \/>\n<meta name=\"twitter:card\" content=\"summary_large_image\" \/>\n<meta name=\"twitter:label1\" content=\"Gesch\u00e4tzte Lesezeit\" \/>\n\t<meta name=\"twitter:data1\" content=\"4\u00a0Minuten\" \/>\n<script type=\"application\/ld+json\" class=\"yoast-schema-graph\">{\"@context\":\"https:\/\/schema.org\",\"@graph\":[{\"@type\":\"WebPage\",\"@id\":\"https:\/\/www.ossaw.at\/uni-wien\/prijavljivanje-predmeta\/\",\"url\":\"https:\/\/www.ossaw.at\/uni-wien\/prijavljivanje-predmeta\/\",\"name\":\"Prijavljivanje predmeta - \u041eSSAW\",\"isPartOf\":{\"@id\":\"https:\/\/www.ossaw.at\/#website\"},\"primaryImageOfPage\":{\"@id\":\"https:\/\/www.ossaw.at\/uni-wien\/prijavljivanje-predmeta\/#primaryimage\"},\"image\":{\"@id\":\"https:\/\/www.ossaw.at\/uni-wien\/prijavljivanje-predmeta\/#primaryimage\"},\"thumbnailUrl\":\"http:\/\/ossaw.at\/wp-content\/uploads\/2013\/10\/wien_GER.png\",\"datePublished\":\"2015-10-21T21:36:52+00:00\",\"dateModified\":\"2018-12-25T16:04:29+00:00\",\"breadcrumb\":{\"@id\":\"https:\/\/www.ossaw.at\/uni-wien\/prijavljivanje-predmeta\/#breadcrumb\"},\"inLanguage\":\"de\",\"potentialAction\":[{\"@type\":\"ReadAction\",\"target\":[\"https:\/\/www.ossaw.at\/uni-wien\/prijavljivanje-predmeta\/\"]}]},{\"@type\":\"ImageObject\",\"inLanguage\":\"de\",\"@id\":\"https:\/\/www.ossaw.at\/uni-wien\/prijavljivanje-predmeta\/#primaryimage\",\"url\":\"http:\/\/ossaw.at\/wp-content\/uploads\/2013\/10\/wien_GER.png\",\"contentUrl\":\"http:\/\/ossaw.at\/wp-content\/uploads\/2013\/10\/wien_GER.png\"},{\"@type\":\"BreadcrumbList\",\"@id\":\"https:\/\/www.ossaw.at\/uni-wien\/prijavljivanje-predmeta\/#breadcrumb\",\"itemListElement\":[{\"@type\":\"ListItem\",\"position\":1,\"name\":\"\u041f\u043e\u0447\u0435\u0442\u043d\u0430\",\"item\":\"https:\/\/www.ossaw.at\/\"},{\"@type\":\"ListItem\",\"position\":2,\"name\":\"\u0423\u043d\u0438\u0432\u0435\u0440\u0437\u0438\u0442\u0435\u0442 \u0443 \u0411\u0435\u0447\u0443\",\"item\":\"https:\/\/www.ossaw.at\/uni-wien\/\"},{\"@type\":\"ListItem\",\"position\":3,\"name\":\"\u041f\u0440\u0438\u0458\u0430\u0432\u0459\u0438\u0432\u0430\u045a\u0435 \u043f\u0440\u0435\u0434\u043c\u0435\u0442\u0430\"}]},{\"@type\":\"WebSite\",\"@id\":\"https:\/\/www.ossaw.at\/#website\",\"url\":\"https:\/\/www.ossaw.at\/\",\"name\":\"\u041eSSAW\",\"description\":\"Organisation Serbischer Studenten im Ausland - Wien\",\"publisher\":{\"@id\":\"https:\/\/www.ossaw.at\/#organization\"},\"potentialAction\":[{\"@type\":\"SearchAction\",\"target\":{\"@type\":\"EntryPoint\",\"urlTemplate\":\"https:\/\/www.ossaw.at\/?s={search_term_string}\"},\"query-input\":{\"@type\":\"PropertyValueSpecification\",\"valueRequired\":true,\"valueName\":\"search_term_string\"}}],\"inLanguage\":\"de\"},{\"@type\":\"Organization\",\"@id\":\"https:\/\/www.ossaw.at\/#organization\",\"name\":\"\u041e\u0441\u0441\u0438 - \u0411\u0435\u0447\",\"url\":\"https:\/\/www.ossaw.at\/\",\"logo\":{\"@type\":\"ImageObject\",\"inLanguage\":\"de\",\"@id\":\"https:\/\/www.ossaw.at\/#\/schema\/logo\/image\/\",\"url\":\"https:\/\/www.ossaw.at\/wp-content\/uploads\/2016\/07\/OSSAW-logo-cirilica-page-001-2.jpg\",\"contentUrl\":\"https:\/\/www.ossaw.at\/wp-content\/uploads\/2016\/07\/OSSAW-logo-cirilica-page-001-2.jpg\",\"width\":1448,\"height\":1024,\"caption\":\"\u041e\u0441\u0441\u0438 - \u0411\u0435\u0447\"},\"image\":{\"@id\":\"https:\/\/www.ossaw.at\/#\/schema\/logo\/image\/\"},\"sameAs\":[\"https:\/\/www.facebook.com\/ossaw\",\"https:\/\/www.instagram.com\/ossa_wien\/\",\"https:\/\/www.linkedin.com\/company\/organisation-of-serbian-students-abroad---vienna\"]}]}<\/script>\n<!-- \/ Yoast SEO plugin. -->","yoast_head_json":{"title":"Prijavljivanje predmeta - \u041eSSAW","robots":{"index":"index","follow":"follow","max-snippet":"max-snippet:-1","max-image-preview":"max-image-preview:large","max-video-preview":"max-video-preview:-1"},"canonical":"https:\/\/www.ossaw.at\/uni-wien\/prijavljivanje-predmeta\/","og_locale":"de_DE","og_type":"article","og_title":"Prijavljivanje predmeta - \u041eSSAW","og_url":"https:\/\/www.ossaw.at\/uni-wien\/prijavljivanje-predmeta\/","og_site_name":"\u041eSSAW","article_publisher":"https:\/\/www.facebook.com\/ossaw","article_modified_time":"2018-12-25T16:04:29+00:00","og_image":[{"url":"http:\/\/ossaw.at\/wp-content\/uploads\/2013\/10\/wien_GER.png"}],"twitter_card":"summary_large_image","twitter_misc":{"Gesch\u00e4tzte Lesezeit":"4\u00a0Minuten"},"schema":{"@context":"https:\/\/schema.org","@graph":[{"@type":"WebPage","@id":"https:\/\/www.ossaw.at\/uni-wien\/prijavljivanje-predmeta\/","url":"https:\/\/www.ossaw.at\/uni-wien\/prijavljivanje-predmeta\/","name":"Prijavljivanje predmeta - \u041eSSAW","isPartOf":{"@id":"https:\/\/www.ossaw.at\/#website"},"primaryImageOfPage":{"@id":"https:\/\/www.ossaw.at\/uni-wien\/prijavljivanje-predmeta\/#primaryimage"},"image":{"@id":"https:\/\/www.ossaw.at\/uni-wien\/prijavljivanje-predmeta\/#primaryimage"},"thumbnailUrl":"http:\/\/ossaw.at\/wp-content\/uploads\/2013\/10\/wien_GER.png","datePublished":"2015-10-21T21:36:52+00:00","dateModified":"2018-12-25T16:04:29+00:00","breadcrumb":{"@id":"https:\/\/www.ossaw.at\/uni-wien\/prijavljivanje-predmeta\/#breadcrumb"},"inLanguage":"de","potentialAction":[{"@type":"ReadAction","target":["https:\/\/www.ossaw.at\/uni-wien\/prijavljivanje-predmeta\/"]}]},{"@type":"ImageObject","inLanguage":"de","@id":"https:\/\/www.ossaw.at\/uni-wien\/prijavljivanje-predmeta\/#primaryimage","url":"http:\/\/ossaw.at\/wp-content\/uploads\/2013\/10\/wien_GER.png","contentUrl":"http:\/\/ossaw.at\/wp-content\/uploads\/2013\/10\/wien_GER.png"},{"@type":"BreadcrumbList","@id":"https:\/\/www.ossaw.at\/uni-wien\/prijavljivanje-predmeta\/#breadcrumb","itemListElement":[{"@type":"ListItem","position":1,"name":"\u041f\u043e\u0447\u0435\u0442\u043d\u0430","item":"https:\/\/www.ossaw.at\/"},{"@type":"ListItem","position":2,"name":"\u0423\u043d\u0438\u0432\u0435\u0440\u0437\u0438\u0442\u0435\u0442 \u0443 \u0411\u0435\u0447\u0443","item":"https:\/\/www.ossaw.at\/uni-wien\/"},{"@type":"ListItem","position":3,"name":"\u041f\u0440\u0438\u0458\u0430\u0432\u0459\u0438\u0432\u0430\u045a\u0435 \u043f\u0440\u0435\u0434\u043c\u0435\u0442\u0430"}]},{"@type":"WebSite","@id":"https:\/\/www.ossaw.at\/#website","url":"https:\/\/www.ossaw.at\/","name":"\u041eSSAW","description":"Organisation Serbischer Studenten im Ausland - Wien","publisher":{"@id":"https:\/\/www.ossaw.at\/#organization"},"potentialAction":[{"@type":"SearchAction","target":{"@type":"EntryPoint","urlTemplate":"https:\/\/www.ossaw.at\/?s={search_term_string}"},"query-input":{"@type":"PropertyValueSpecification","valueRequired":true,"valueName":"search_term_string"}}],"inLanguage":"de"},{"@type":"Organization","@id":"https:\/\/www.ossaw.at\/#organization","name":"\u041e\u0441\u0441\u0438 - \u0411\u0435\u0447","url":"https:\/\/www.ossaw.at\/","logo":{"@type":"ImageObject","inLanguage":"de","@id":"https:\/\/www.ossaw.at\/#\/schema\/logo\/image\/","url":"https:\/\/www.ossaw.at\/wp-content\/uploads\/2016\/07\/OSSAW-logo-cirilica-page-001-2.jpg","contentUrl":"https:\/\/www.ossaw.at\/wp-content\/uploads\/2016\/07\/OSSAW-logo-cirilica-page-001-2.jpg","width":1448,"height":1024,"caption":"\u041e\u0441\u0441\u0438 - \u0411\u0435\u0447"},"image":{"@id":"https:\/\/www.ossaw.at\/#\/schema\/logo\/image\/"},"sameAs":["https:\/\/www.facebook.com\/ossaw","https:\/\/www.instagram.com\/ossa_wien\/","https:\/\/www.linkedin.com\/company\/organisation-of-serbian-students-abroad---vienna"]}]}},"_links":{"self":[{"href":"https:\/\/www.ossaw.at\/de\/wp-json\/wp\/v2\/pages\/6363"}],"collection":[{"href":"https:\/\/www.ossaw.at\/de\/wp-json\/wp\/v2\/pages"}],"about":[{"href":"https:\/\/www.ossaw.at\/de\/wp-json\/wp\/v2\/types\/page"}],"author":[{"embeddable":true,"href":"https:\/\/www.ossaw.at\/de\/wp-json\/wp\/v2\/users\/25"}],"replies":[{"embeddable":true,"href":"https:\/\/www.ossaw.at\/de\/wp-json\/wp\/v2\/comments?post=6363"}],"version-history":[{"count":0,"href":"https:\/\/www.ossaw.at\/de\/wp-json\/wp\/v2\/pages\/6363\/revisions"}],"up":[{"embeddable":true,"href":"https:\/\/www.ossaw.at\/de\/wp-json\/wp\/v2\/pages\/4388"}],"wp:attachment":[{"href":"https:\/\/www.ossaw.at\/de\/wp-json\/wp\/v2\/media?parent=6363"}],"curies":[{"name":"wp","href":"https:\/\/api.w.org\/{rel}","templated":true}]}}