{"id":7200,"date":"2016-03-31T22:04:45","date_gmt":"2016-03-31T20:04:45","guid":{"rendered":"http:\/\/ossibec.org\/?page_id=7200"},"modified":"2023-06-06T10:02:38","modified_gmt":"2023-06-06T08:02:38","slug":"o-nama","status":"publish","type":"page","link":"https:\/\/www.ossaw.at\/de\/o-nama\/","title":{"rendered":"\u00dcber uns"},"content":{"rendered":"<p><\/p>\n<h3 style=\"text-align: justify;\"><strong>Geschichte<\/strong><\/h3>\n<p style=\"text-align: justify;\">Die Organisation serbischer Studenten im Ausland, Zweigstelle Wien (kurz: OSSA Wien) ist eine unpolitische und non-profit Organisation, welche am 06.Juni 2011 in Wien in \u00d6sterreich gegr\u00fcndet worden ist. Basierend auf dem OSSA Wien Statut hat das \u00f6sterreichische Innenministerium offiziell die Organisation als eine Studentenvereinigung anerkannt. Kurze Zeit nach der Gr\u00fcndung haben sich mehrere hundert Studenten der Organisation angeschlossen und die Zahl w\u00e4chst kontinuierlich.<\/p>\n<p style=\"text-align: justify;\">OSSA Wien ist eine der Zweigstellen der globalen Organisation serbischer Studenten im Ausland, welche die Zweigstellen in Paris, Mailand, Rom, Prag, Heidelberg, Konstanz, Z\u00fcrich, London, Stockholm, Thessaloniki, Sofia, New York und Shanghai verbindet. Als Gr\u00fcndungsjahr der Organisation gilt das Jahr 1997. Damals haben sich serbische Studenten zum ersten Mal unter diesem Namen versammelt. Einer der Gr\u00fcnder war Vuk Jeremi\u0107, der fr\u00fchere Au\u00dfenminister Serbiens und Pr\u00e4sident der UN-Vollversammlung, jetziger Pr\u00e4sident des Zentrums f\u00fcr internationale Beziehungen und nachhaltige Entwicklung (CIRSD) in Belgrad.<\/p>\n<h3 style=\"text-align: justify;\"><strong>Arbeit und Ziele<\/strong><\/h3>\n<p style=\"text-align: justify;\">Die Organisation hilft Studenten, indem sie diese \u00fcber das Studieren und den Alltag in der Stadt informiert. Au\u00dferdem, bietet sie eine schnellere Anpassung an das neue Umfeld an und verbindet neuangekommene serbische Studenten mit denen, die bereits hier in Wien studieren. Durch die globale OSSA besteht auch die M\u00f6glichkeit sich mit Studenten zu verbinden, die an anderen Orten in Europa oder weltweit studieren.<\/p>\n<p style=\"text-align: justify;\">Das Ziel ist die Affirmation serbischer Studenten in der \u00f6sterreichischen Gesellschaft durch verschiedene kulturelle und edukative Projekte, um so ein positives Image zu promoten.<\/p>\n<h3 style=\"text-align: justify;\"><strong>Zusammenarbeit<\/strong><\/h3>\n<p style=\"text-align: justify;\">Ein weiteres Ziel ist es die Kontakte mit anderen Zweigstellen der OSSA, mit \u00f6sterreichischen Institutionen und mit der Regierung Serbiens und deren Ministerien beizubehalten und zu st\u00e4rken, um den jungen Menschen Serbiens eine bessere Zukunft zu erm\u00f6glichen.<\/p>\n<p style=\"text-align: justify;\">OSSA Wien arbeitet mit der Botschaft Serbiens in \u00d6sterreich, der serbisch-orthodoxen Kirche in Wien, dem Theater \u201eAkzent\u201c in Wien und anderen Organisationen zusammen, wie beispielsweise dem serbischen Kulturforum (Srpski kulturni forum, skf), der Gesellschaft f\u00fcr Bildungswesen ,,Prosvjeta\u201d und der \u00d6sterreichisch Serbischen Gesellschaft.<\/p>\n<p style=\"text-align: justify;\">Euer OSSAW<\/p>\n<p><\/p>","protected":false},"excerpt":{"rendered":"<p>Geschichte Die Organisation serbischer Studenten im Ausland, Zweigstelle Wien (kurz: OSSA Wien) ist eine unpolitische und non-profit Organisation, welche am 06.Juni 2011 in Wien in \u00d6sterreich gegr\u00fcndet worden ist. Basierend auf dem OSSA Wien Statut hat das \u00f6sterreichische Innenministerium offiziell die Organisation als eine Studentenvereinigung anerkannt. Kurze Zeit nach der Gr\u00fcndung haben sich mehrere hundert [&hellip;]<\/p>\n","protected":false},"author":25,"featured_media":8226,"parent":0,"menu_order":0,"comment_status":"closed","ping_status":"closed","template":"","meta":{"footnotes":""},"yoast_head":"<!-- This site is optimized with the Yoast SEO plugin v23.5 - https:\/\/yoast.com\/wordpress\/plugins\/seo\/ -->\n<title>\u00dcber uns - \u041eSSAW<\/title>\n<meta name=\"robots\" content=\"index, follow, max-snippet:-1, max-image-preview:large, max-video-preview:-1\" \/>\n<link rel=\"canonical\" href=\"https:\/\/www.ossaw.at\/o-nama\/\" \/>\n<meta property=\"og:locale\" content=\"de_DE\" \/>\n<meta property=\"og:type\" content=\"article\" \/>\n<meta property=\"og:title\" content=\"\u00dcber uns - \u041eSSAW\" \/>\n<meta property=\"og:description\" content=\"Geschichte Die Organisation serbischer Studenten im Ausland, Zweigstelle Wien (kurz: OSSA Wien) ist eine unpolitische und non-profit Organisation, welche am 06.Juni 2011 in Wien in \u00d6sterreich gegr\u00fcndet worden ist. Basierend auf dem OSSA Wien Statut hat das \u00f6sterreichische Innenministerium offiziell die Organisation als eine Studentenvereinigung anerkannt. Kurze Zeit nach der Gr\u00fcndung haben sich mehrere hundert [&hellip;]\" \/>\n<meta property=\"og:url\" content=\"https:\/\/www.ossaw.at\/o-nama\/\" \/>\n<meta property=\"og:site_name\" content=\"\u041eSSAW\" \/>\n<meta property=\"article:publisher\" content=\"https:\/\/www.facebook.com\/ossaw\" \/>\n<meta property=\"article:modified_time\" content=\"2023-06-06T08:02:38+00:00\" \/>\n<meta property=\"og:image\" content=\"https:\/\/www.ossaw.at\/wp-content\/uploads\/2016\/07\/OSSAW-logo-cirilica-page-001-2.jpg\" \/>\n\t<meta property=\"og:image:width\" content=\"1448\" \/>\n\t<meta property=\"og:image:height\" content=\"1024\" \/>\n\t<meta property=\"og:image:type\" content=\"image\/jpeg\" \/>\n<meta name=\"twitter:card\" content=\"summary_large_image\" \/>\n<meta name=\"twitter:label1\" content=\"Gesch\u00e4tzte Lesezeit\" \/>\n\t<meta name=\"twitter:data1\" content=\"2\u00a0Minuten\" \/>\n<script type=\"application\/ld+json\" class=\"yoast-schema-graph\">{\"@context\":\"https:\/\/schema.org\",\"@graph\":[{\"@type\":\"WebPage\",\"@id\":\"https:\/\/www.ossaw.at\/o-nama\/\",\"url\":\"https:\/\/www.ossaw.at\/o-nama\/\",\"name\":\"\u00dcber uns - \u041eSSAW\",\"isPartOf\":{\"@id\":\"https:\/\/www.ossaw.at\/#website\"},\"primaryImageOfPage\":{\"@id\":\"https:\/\/www.ossaw.at\/o-nama\/#primaryimage\"},\"image\":{\"@id\":\"https:\/\/www.ossaw.at\/o-nama\/#primaryimage\"},\"thumbnailUrl\":\"https:\/\/www.ossaw.at\/wp-content\/uploads\/2016\/07\/OSSAW-logo-cirilica-page-001-2.jpg\",\"datePublished\":\"2016-03-31T20:04:45+00:00\",\"dateModified\":\"2023-06-06T08:02:38+00:00\",\"breadcrumb\":{\"@id\":\"https:\/\/www.ossaw.at\/o-nama\/#breadcrumb\"},\"inLanguage\":\"de\",\"potentialAction\":[{\"@type\":\"ReadAction\",\"target\":[\"https:\/\/www.ossaw.at\/o-nama\/\"]}]},{\"@type\":\"ImageObject\",\"inLanguage\":\"de\",\"@id\":\"https:\/\/www.ossaw.at\/o-nama\/#primaryimage\",\"url\":\"https:\/\/www.ossaw.at\/wp-content\/uploads\/2016\/07\/OSSAW-logo-cirilica-page-001-2.jpg\",\"contentUrl\":\"https:\/\/www.ossaw.at\/wp-content\/uploads\/2016\/07\/OSSAW-logo-cirilica-page-001-2.jpg\",\"width\":1448,\"height\":1024},{\"@type\":\"BreadcrumbList\",\"@id\":\"https:\/\/www.ossaw.at\/o-nama\/#breadcrumb\",\"itemListElement\":[{\"@type\":\"ListItem\",\"position\":1,\"name\":\"\u041f\u043e\u0447\u0435\u0442\u043d\u0430\",\"item\":\"https:\/\/www.ossaw.at\/\"},{\"@type\":\"ListItem\",\"position\":2,\"name\":\"\u041e \u043d\u0430\u043c\u0430\"}]},{\"@type\":\"WebSite\",\"@id\":\"https:\/\/www.ossaw.at\/#website\",\"url\":\"https:\/\/www.ossaw.at\/\",\"name\":\"\u041eSSAW\",\"description\":\"Organisation Serbischer Studenten im Ausland - Wien\",\"publisher\":{\"@id\":\"https:\/\/www.ossaw.at\/#organization\"},\"potentialAction\":[{\"@type\":\"SearchAction\",\"target\":{\"@type\":\"EntryPoint\",\"urlTemplate\":\"https:\/\/www.ossaw.at\/?s={search_term_string}\"},\"query-input\":{\"@type\":\"PropertyValueSpecification\",\"valueRequired\":true,\"valueName\":\"search_term_string\"}}],\"inLanguage\":\"de\"},{\"@type\":\"Organization\",\"@id\":\"https:\/\/www.ossaw.at\/#organization\",\"name\":\"\u041e\u0441\u0441\u0438 - \u0411\u0435\u0447\",\"url\":\"https:\/\/www.ossaw.at\/\",\"logo\":{\"@type\":\"ImageObject\",\"inLanguage\":\"de\",\"@id\":\"https:\/\/www.ossaw.at\/#\/schema\/logo\/image\/\",\"url\":\"https:\/\/www.ossaw.at\/wp-content\/uploads\/2016\/07\/OSSAW-logo-cirilica-page-001-2.jpg\",\"contentUrl\":\"https:\/\/www.ossaw.at\/wp-content\/uploads\/2016\/07\/OSSAW-logo-cirilica-page-001-2.jpg\",\"width\":1448,\"height\":1024,\"caption\":\"\u041e\u0441\u0441\u0438 - \u0411\u0435\u0447\"},\"image\":{\"@id\":\"https:\/\/www.ossaw.at\/#\/schema\/logo\/image\/\"},\"sameAs\":[\"https:\/\/www.facebook.com\/ossaw\",\"https:\/\/www.instagram.com\/ossa_wien\/\",\"https:\/\/www.linkedin.com\/company\/organisation-of-serbian-students-abroad---vienna\"]}]}<\/script>\n<!-- \/ Yoast SEO plugin. -->","yoast_head_json":{"title":"\u00dcber uns - \u041eSSAW","robots":{"index":"index","follow":"follow","max-snippet":"max-snippet:-1","max-image-preview":"max-image-preview:large","max-video-preview":"max-video-preview:-1"},"canonical":"https:\/\/www.ossaw.at\/o-nama\/","og_locale":"de_DE","og_type":"article","og_title":"\u00dcber uns - \u041eSSAW","og_description":"Geschichte Die Organisation serbischer Studenten im Ausland, Zweigstelle Wien (kurz: OSSA Wien) ist eine unpolitische und non-profit Organisation, welche am 06.Juni 2011 in Wien in \u00d6sterreich gegr\u00fcndet worden ist. Basierend auf dem OSSA Wien Statut hat das \u00f6sterreichische Innenministerium offiziell die Organisation als eine Studentenvereinigung anerkannt. Kurze Zeit nach der Gr\u00fcndung haben sich mehrere hundert [&hellip;]","og_url":"https:\/\/www.ossaw.at\/o-nama\/","og_site_name":"\u041eSSAW","article_publisher":"https:\/\/www.facebook.com\/ossaw","article_modified_time":"2023-06-06T08:02:38+00:00","og_image":[{"width":1448,"height":1024,"url":"https:\/\/www.ossaw.at\/wp-content\/uploads\/2016\/07\/OSSAW-logo-cirilica-page-001-2.jpg","type":"image\/jpeg"}],"twitter_card":"summary_large_image","twitter_misc":{"Gesch\u00e4tzte Lesezeit":"2\u00a0Minuten"},"schema":{"@context":"https:\/\/schema.org","@graph":[{"@type":"WebPage","@id":"https:\/\/www.ossaw.at\/o-nama\/","url":"https:\/\/www.ossaw.at\/o-nama\/","name":"\u00dcber uns - \u041eSSAW","isPartOf":{"@id":"https:\/\/www.ossaw.at\/#website"},"primaryImageOfPage":{"@id":"https:\/\/www.ossaw.at\/o-nama\/#primaryimage"},"image":{"@id":"https:\/\/www.ossaw.at\/o-nama\/#primaryimage"},"thumbnailUrl":"https:\/\/www.ossaw.at\/wp-content\/uploads\/2016\/07\/OSSAW-logo-cirilica-page-001-2.jpg","datePublished":"2016-03-31T20:04:45+00:00","dateModified":"2023-06-06T08:02:38+00:00","breadcrumb":{"@id":"https:\/\/www.ossaw.at\/o-nama\/#breadcrumb"},"inLanguage":"de","potentialAction":[{"@type":"ReadAction","target":["https:\/\/www.ossaw.at\/o-nama\/"]}]},{"@type":"ImageObject","inLanguage":"de","@id":"https:\/\/www.ossaw.at\/o-nama\/#primaryimage","url":"https:\/\/www.ossaw.at\/wp-content\/uploads\/2016\/07\/OSSAW-logo-cirilica-page-001-2.jpg","contentUrl":"https:\/\/www.ossaw.at\/wp-content\/uploads\/2016\/07\/OSSAW-logo-cirilica-page-001-2.jpg","width":1448,"height":1024},{"@type":"BreadcrumbList","@id":"https:\/\/www.ossaw.at\/o-nama\/#breadcrumb","itemListElement":[{"@type":"ListItem","position":1,"name":"\u041f\u043e\u0447\u0435\u0442\u043d\u0430","item":"https:\/\/www.ossaw.at\/"},{"@type":"ListItem","position":2,"name":"\u041e \u043d\u0430\u043c\u0430"}]},{"@type":"WebSite","@id":"https:\/\/www.ossaw.at\/#website","url":"https:\/\/www.ossaw.at\/","name":"\u041eSSAW","description":"Organisation Serbischer Studenten im Ausland - Wien","publisher":{"@id":"https:\/\/www.ossaw.at\/#organization"},"potentialAction":[{"@type":"SearchAction","target":{"@type":"EntryPoint","urlTemplate":"https:\/\/www.ossaw.at\/?s={search_term_string}"},"query-input":{"@type":"PropertyValueSpecification","valueRequired":true,"valueName":"search_term_string"}}],"inLanguage":"de"},{"@type":"Organization","@id":"https:\/\/www.ossaw.at\/#organization","name":"\u041e\u0441\u0441\u0438 - \u0411\u0435\u0447","url":"https:\/\/www.ossaw.at\/","logo":{"@type":"ImageObject","inLanguage":"de","@id":"https:\/\/www.ossaw.at\/#\/schema\/logo\/image\/","url":"https:\/\/www.ossaw.at\/wp-content\/uploads\/2016\/07\/OSSAW-logo-cirilica-page-001-2.jpg","contentUrl":"https:\/\/www.ossaw.at\/wp-content\/uploads\/2016\/07\/OSSAW-logo-cirilica-page-001-2.jpg","width":1448,"height":1024,"caption":"\u041e\u0441\u0441\u0438 - \u0411\u0435\u0447"},"image":{"@id":"https:\/\/www.ossaw.at\/#\/schema\/logo\/image\/"},"sameAs":["https:\/\/www.facebook.com\/ossaw","https:\/\/www.instagram.com\/ossa_wien\/","https:\/\/www.linkedin.com\/company\/organisation-of-serbian-students-abroad---vienna"]}]}},"_links":{"self":[{"href":"https:\/\/www.ossaw.at\/de\/wp-json\/wp\/v2\/pages\/7200"}],"collection":[{"href":"https:\/\/www.ossaw.at\/de\/wp-json\/wp\/v2\/pages"}],"about":[{"href":"https:\/\/www.ossaw.at\/de\/wp-json\/wp\/v2\/types\/page"}],"author":[{"embeddable":true,"href":"https:\/\/www.ossaw.at\/de\/wp-json\/wp\/v2\/users\/25"}],"replies":[{"embeddable":true,"href":"https:\/\/www.ossaw.at\/de\/wp-json\/wp\/v2\/comments?post=7200"}],"version-history":[{"count":1,"href":"https:\/\/www.ossaw.at\/de\/wp-json\/wp\/v2\/pages\/7200\/revisions"}],"predecessor-version":[{"id":14250,"href":"https:\/\/www.ossaw.at\/de\/wp-json\/wp\/v2\/pages\/7200\/revisions\/14250"}],"wp:featuredmedia":[{"embeddable":true,"href":"https:\/\/www.ossaw.at\/de\/wp-json\/wp\/v2\/media\/8226"}],"wp:attachment":[{"href":"https:\/\/www.ossaw.at\/de\/wp-json\/wp\/v2\/media?parent=7200"}],"curies":[{"name":"wp","href":"https:\/\/api.w.org\/{rel}","templated":true}]}}